{"id":108,"date":"2016-07-05T10:05:38","date_gmt":"2016-07-05T10:05:38","guid":{"rendered":"http:\/\/bewegungsetappe.net\/?page_id=108"},"modified":"2023-11-06T20:00:04","modified_gmt":"2023-11-06T20:00:04","slug":"lebenslauf","status":"publish","type":"page","link":"https:\/\/www.stefankuehne.net\/?page_id=108","title":{"rendered":"Werdegang"},"content":{"rendered":"<p>seit 2023: Selbst\u00e4ndig als Trainer, Berater und Lehrbeauftragter<\/p>\n<p>Lehrauftr\u00e4ge f\u00fcr Onlineberatung und Digitale Jugendarbeit\/Soziale Arbeit<\/p>\n<ul>\n<li>Technische Hochschule Georg-Simon-Ohm, Institut f\u00fcr E-Beratung, N\u00fcrnberg<\/li>\n<li>Ohm-Professional School, N\u00fcrnberg<\/li>\n<li>Sigmund Freud Privatuniversit\u00e4t, Weiterbildungsakademie, Wien<\/li>\n<li>Karl Landsteiner Privatuniversit\u00e4t. Krems<\/li>\n<li>FH Campus Wien, Wien<\/li>\n<li>FH Burgenland, Eisenstadt<\/li>\n<li>PH Nieder\u00f6sterreich, Baden<\/li>\n<li>Katholische Hochschule f\u00fcr Sozialwesen, Berlin<\/li>\n<\/ul>\n<p>10.2021 &#8211; 12.2022: Wissenschaftlicher Mitarbeiter an der Karl-Landsteiner Privatuniversit\u00e4t f\u00fcr Gesundheitswissenschaften (Krems)<\/p>\n<p>12.2014 \u2013 09.2021: WIENXTRA &#8211; ein junges Stadtprogramm (Wien)<br \/>\nEinrichtungsleitung <a href=\"http:\/\/www.soundbase.at\">WIENXTRA-Soundbase<\/a><\/p>\n<p>01.2008 \u2013 09.2021: WIENXTRA \u2013 ein junges Stadtprogramm (Wien)<br \/>\nEinrichtungsleitung <a href=\"http:\/\/www.jugendinfowien.at\">WIENXTRA-Jugendinfo<\/a><br \/>\nRegionalstellenleitung EU-Programm \u201eErasmus+: Jugend in Aktion\u201c<\/p>\n<p>07.2003 \u2013 12.2007 wienXtra \u2013 ein junges Stadtprogramm (Wien)<br \/>\nBildungsmanagement &#8211; <a href=\"http:\/\/www.ifp.at\">Institut f\u00fcr Freizeitp\u00e4dagogik (IFP)<\/a><\/p>\n<p>04.2002 \u2013 06.2003 <a href=\"http:\/\/www.zsi.at\">Zentrum f\u00fcr Soziale Innovation ZSI<\/a> (Wien)<br \/>\nWissenschaftlicher Mitarbeiter<\/p>\n<p>09.2001 \u2013 12.2007 wienXtra \u2013 ein junges Stadtprogramm (Wien)<br \/>\nBeratung \/ Wissensmanagement &#8211; <a href=\"http:\/\/www.kinderinfowien.at\">WIENXTRA-Kinderinfo<\/a><\/p>\n<p>09.2001 \u2013 11.2001 ZOOM \u2013 Verein interaktives Kindermuseum (Wien)<br \/>\nKulturvermittlung<\/p>\n<p>02.2001 \u2013 04.2001 Urania Puppentheater (Wien)<br \/>\nPuppenspieler und Sprecher<\/p>\n<p>10.1996 \u2013 12.2000 Deutsche Gas- und Wasserwirtschaft (Bonn)<br \/>\nProjektmitarbeiter \/ Tagungsmanagement<\/p>\n<p>01.1992 \u2013 07.2001 \u00c4rztliche Notfallzentrale (Sprendlingen)<br \/>\nRettungssanit\u00e4ter \/ Einsatzkoordination<\/p>\n<h1>Aus- und Weiterbildungen<\/h1>\n<h2><strong>2018<\/strong><\/h2>\n<ul>\n<li>&#8222;Innovation Leadership&#8220;, (edX, Georgia Tech)<\/li>\n<li>&#8222;Digitale Jugendbeteiligung&#8220;, (Oncampus\/jugend.beteiligen.jetzt)<\/li>\n<li>&#8222;Music &amp; Society&#8220; (Coursera\/University of Leiden\/The Hague)<\/li>\n<\/ul>\n<h2><strong>2017<\/strong><\/h2>\n<ul>\n<li>Ich-Entwicklung f\u00fcr F\u00fchrungskr\u00e4fte, Wien<\/li>\n<li>&#8222;Human Resource Management: HR for People Managers (4-Course-Specialization)&#8220; (Coursera\/University of Minnesota)<\/li>\n<li>&#8222;Photography Basics and Beyond. From Smartphone to DSLR (4-Course-Specialization)&#8220; (Coursera\/Michigan State University)<\/li>\n<\/ul>\n<h2><strong>2016 <\/strong><\/h2>\n<ul>\n<li>\u201eInternet History, Technology and Security\u201c (Coursera\/University of Michigan)<\/li>\n<\/ul>\n<p><strong>2014 <\/strong><\/p>\n<ul>\n<li>Medientraining Interview &amp; TV, Intomedia, Wien<\/li>\n<li>\u201eUnderstanding Media by Understanding Google\u201c (Coursera\/Northwestern University)<\/li>\n<\/ul>\n<p><strong>2013 <\/strong><\/p>\n<ul class=\"disc\">\n<li>\u201ePublic Privacy: Cyber Security and Human Rights\u201c (iVersity)<\/li>\n<li>\u201eThe Ancient Greeks\u201c \/ Wesleyan University (Coursera\/Wesleyan University)<\/li>\n<\/ul>\n<h2>2012<\/h2>\n<ul class=\"disc\">\n<li>Master of Science in Social Management, MSc (mit Auszeichnung) (Donau-Universit\u00e4t Krems) Masterthesis \u201eQualit\u00e4tsmanagement in der psychosozialen Onlineberatung\u201c<\/li>\n<\/ul>\n<h2>Vor 2010<\/h2>\n<ul class=\"disc\">\n<li>2008 Basislehrgang \u201eJugendinformation\u201c<\/li>\n<li>2008 Diplomierter-Erwachsenenbildner (Schwerpunkt Bildungsmanagement\/wba)<\/li>\n<li>2007 Trainer f\u00fcr \u201eArgumentationstrainings gegen Stammtischparolen\u201c<\/li>\n<li>2005 Diplomlehrgang \u201eSozialmanagement\u201c (pro mente Akademie)<\/li>\n<li>2003-2006 Kommunikationstraining (Culturemanagement K\u00f6ln)<\/li>\n<li>1992-2000 Studium Germanistik, Geschichte &amp; Philosophie (Universit\u00e4t Bonn)<\/li>\n<li>1991-1992 Zivildienst \/ Ausbildung zum Rettungssanit\u00e4ter<\/li>\n<li>1991 Abitur \/ Elisabeth-Langg\u00e4sser-Gymnasium Alzey<\/li>\n<\/ul>\n","protected":false},"excerpt":{"rendered":"<p>seit 2023: Selbst\u00e4ndig als Trainer, Berater und Lehrbeauftragter Lehrauftr\u00e4ge f\u00fcr Onlineberatung und Digitale Jugendarbeit\/Soziale Arbeit Technische Hochschule Georg-Simon-Ohm, Institut f\u00fcr E-Beratung, N\u00fcrnberg Ohm-Professional School, N\u00fcrnberg Sigmund Freud Privatuniversit\u00e4t, Weiterbildungsakademie, Wien Karl Landsteiner Privatuniversit\u00e4t. Krems FH Campus Wien, Wien FH Burgenland, &hellip; <a href=\"https:\/\/www.stefankuehne.net\/?page_id=108\">Weiterlesen <span class=\"meta-nav\">&rarr;<\/span><\/a><\/p>\n","protected":false},"author":1,"featured_media":0,"parent":2,"menu_order":0,"comment_status":"closed","ping_status":"closed","template":"","meta":{"om_disable_all_campaigns":false,"_monsterinsights_skip_tracking":false,"_monsterinsights_sitenote_active":false,"_monsterinsights_sitenote_note":"","_monsterinsights_sitenote_category":0,"ngg_post_thumbnail":0,"footnotes":""},"class_list":["post-108","page","type-page","status-publish","hentry"],"aioseo_notices":[],"_links":{"self":[{"href":"https:\/\/www.stefankuehne.net\/index.php?rest_route=\/wp\/v2\/pages\/108","targetHints":{"allow":["GET"]}}],"collection":[{"href":"https:\/\/www.stefankuehne.net\/index.php?rest_route=\/wp\/v2\/pages"}],"about":[{"href":"https:\/\/www.stefankuehne.net\/index.php?rest_route=\/wp\/v2\/types\/page"}],"author":[{"embeddable":true,"href":"https:\/\/www.stefankuehne.net\/index.php?rest_route=\/wp\/v2\/users\/1"}],"replies":[{"embeddable":true,"href":"https:\/\/www.stefankuehne.net\/index.php?rest_route=%2Fwp%2Fv2%2Fcomments&post=108"}],"version-history":[{"count":35,"href":"https:\/\/www.stefankuehne.net\/index.php?rest_route=\/wp\/v2\/pages\/108\/revisions"}],"predecessor-version":[{"id":696,"href":"https:\/\/www.stefankuehne.net\/index.php?rest_route=\/wp\/v2\/pages\/108\/revisions\/696"}],"up":[{"embeddable":true,"href":"https:\/\/www.stefankuehne.net\/index.php?rest_route=\/wp\/v2\/pages\/2"}],"wp:attachment":[{"href":"https:\/\/www.stefankuehne.net\/index.php?rest_route=%2Fwp%2Fv2%2Fmedia&parent=108"}],"curies":[{"name":"wp","href":"https:\/\/api.w.org\/{rel}","templated":true}]}}