{"id":19,"date":"2016-07-02T20:47:16","date_gmt":"2016-07-02T20:47:16","guid":{"rendered":"http:\/\/bewegungsetappe.net\/?page_id=19"},"modified":"2025-06-15T18:45:07","modified_gmt":"2025-06-15T18:45:07","slug":"vortraege","status":"publish","type":"page","link":"https:\/\/www.stefankuehne.net\/?page_id=19","title":{"rendered":"Vortr\u00e4ge"},"content":{"rendered":"<p><strong>Zu diesen Themen biete ich Vortr\u00e4ge und Keynotes an<\/strong><\/p>\n<ul>\n<li>K\u00fcnstliche Intelligenz in der Beratung und Psychotherapie<\/li>\n<li>Onlineberatung\n<ul>\n<li>Grundlagen, Methoden, Qualit\u00e4t, aktuelle Entwicklungen und Strategien<\/li>\n<\/ul>\n<\/li>\n<li>Digitalisierung der Sozialen Arbeit\n<ul>\n<li>Online-Streetwork, Digitale Jugendarbeit, Digitale Soziale Arbeit<\/li>\n<\/ul>\n<\/li>\n<li>Fake News, L\u00fcgen und Manipulation. Herausforderungen der Informationsgesellschaft<\/li>\n<li>Digitale Lebenswelten &#8211; Was machen Menschen im Netz? Und was macht das Netz mit den Menschen<\/li>\n<\/ul>\n","protected":false},"excerpt":{"rendered":"<p>Zu diesen Themen biete ich Vortr\u00e4ge und Keynotes an K\u00fcnstliche Intelligenz in der Beratung und Psychotherapie Onlineberatung Grundlagen, Methoden, Qualit\u00e4t, aktuelle Entwicklungen und Strategien Digitalisierung der Sozialen Arbeit Online-Streetwork, Digitale Jugendarbeit, Digitale Soziale Arbeit Fake News, L\u00fcgen und Manipulation. Herausforderungen &hellip; <a href=\"https:\/\/www.stefankuehne.net\/?page_id=19\">Weiterlesen <span class=\"meta-nav\">&rarr;<\/span><\/a><\/p>\n","protected":false},"author":1,"featured_media":0,"parent":24,"menu_order":1,"comment_status":"closed","ping_status":"closed","template":"","meta":{"om_disable_all_campaigns":false,"_monsterinsights_skip_tracking":false,"_monsterinsights_sitenote_active":false,"_monsterinsights_sitenote_note":"","_monsterinsights_sitenote_category":0,"ngg_post_thumbnail":0,"footnotes":""},"class_list":["post-19","page","type-page","status-publish","hentry"],"aioseo_notices":[],"_links":{"self":[{"href":"https:\/\/www.stefankuehne.net\/index.php?rest_route=\/wp\/v2\/pages\/19","targetHints":{"allow":["GET"]}}],"collection":[{"href":"https:\/\/www.stefankuehne.net\/index.php?rest_route=\/wp\/v2\/pages"}],"about":[{"href":"https:\/\/www.stefankuehne.net\/index.php?rest_route=\/wp\/v2\/types\/page"}],"author":[{"embeddable":true,"href":"https:\/\/www.stefankuehne.net\/index.php?rest_route=\/wp\/v2\/users\/1"}],"replies":[{"embeddable":true,"href":"https:\/\/www.stefankuehne.net\/index.php?rest_route=%2Fwp%2Fv2%2Fcomments&post=19"}],"version-history":[{"count":37,"href":"https:\/\/www.stefankuehne.net\/index.php?rest_route=\/wp\/v2\/pages\/19\/revisions"}],"predecessor-version":[{"id":713,"href":"https:\/\/www.stefankuehne.net\/index.php?rest_route=\/wp\/v2\/pages\/19\/revisions\/713"}],"up":[{"embeddable":true,"href":"https:\/\/www.stefankuehne.net\/index.php?rest_route=\/wp\/v2\/pages\/24"}],"wp:attachment":[{"href":"https:\/\/www.stefankuehne.net\/index.php?rest_route=%2Fwp%2Fv2%2Fmedia&parent=19"}],"curies":[{"name":"wp","href":"https:\/\/api.w.org\/{rel}","templated":true}]}}