{"id":2,"date":"2016-07-02T16:27:43","date_gmt":"2016-07-02T16:27:43","guid":{"rendered":"http:\/\/bewegungsetappe.net\/?page_id=2"},"modified":"2025-06-15T18:43:50","modified_gmt":"2025-06-15T18:43:50","slug":"aufgang","status":"publish","type":"page","link":"https:\/\/www.stefankuehne.net\/?page_id=2","title":{"rendered":"Aufgang"},"content":{"rendered":"<p>Nach dem Studium der Germanistik, Geschichte und Philosophie in Bonn Umzug nach Wien. Seit 2005 Herausgeber des <a href=\"http:\/\/www.e-beratungsjournal.net\">e-beratungsjournal.net<\/a>, 2009 Herausgabe des <a href=\"https:\/\/www.vandenhoeck-ruprecht-verlage.com\/themen-entdecken\/psychologie-psychotherapie-beratung\/arbeit-und-organisation\/beratung-coaching-supervision\/4919\/handbuch-online-beratung\">Handbuchs Onlineberatung<\/a> (mit Gerhard Hintenberger). Co-Autor <a href=\"https:\/\/www.utb.de\/doi\/book\/10.36198\/9783838541310\">Einf\u00fchrung Onlineberatung und -therapie <\/a>(2014, mit Christiane Eichenberg).<\/p>\n<ul>\n<li>seit 2024: Ausbildung Fachjournalismus (Deutsche Journalisten Akademie)<\/li>\n<li>Master of Science (MSc) in Social Management, Dipl.-Erwachsenenbildner (wba)<\/li>\n<li>Lehrgangsleitung Onlineberatung der <a href=\"http:\/\/www.forschungsgreisslerei.at\">Forschungsgreisslerei &#8211; institut: wissenschaft. online. beratung<\/a>&nbsp;<\/li>\n<li>Wissenschaftlicher Mitarbeiter an der Karl-Landsteiner Privatuniversit\u00e4t f\u00fcr Gesundheitswissenschaften (2021-2022)<\/li>\n<li>Co-Leitung WIENXTRA-Lehrgang <a href=\"https:\/\/www.wienxtra.at\/ifp\/lehrgaenge\/digitale-jugendarbeit\/\">&#8222;Digitale Jugendarbeit&#8220;&nbsp;<\/a>(2020-2021)<\/li>\n<\/ul>\n<p>Einen ausf\u00fchrlichen Lebenslauf finden Sie <a title=\"Werdegang\" href=\"https:\/\/www.stefankuehne.net\/?page_id=108\">hier<\/a>.<\/p>\n<p>Zu diesen Themen biete ich Aus- und Weiterbildungen an:<\/p>\n<ul>\n<li><strong>Onlineberatung\/-therapie<\/strong><\/li>\n<li><strong>K\u00fcnstliche Intelligenz in der Beratung und Psychotherapie<\/strong><\/li>\n<li><strong>Digitalisierung der Sozialen Arbeit\/Jugendarbeit<\/strong><\/li>\n<li><strong>Gespr\u00e4chsf\u00fchrung &amp; Moderation (online\/offline)<\/strong><\/li>\n<li><strong>Online-Ahnenforschung<\/strong><\/li>\n<li><strong>Historische Ehe- und Sexualratgeber<\/strong><\/li>\n<\/ul>\n<p>Lesungen aus dem Bereich Ehe- und Sexualratgeber werden nach Ihren Themen und W\u00fcnschen zusammengestellt. Die Sammlung besteht aus mehr als 750 B\u00fcchern, da werden wir das Passende f\u00fcr Sie finden. Ideal als Rahmenprogramm bei Tagungen und Ausstellungen &#8211; &#8230; und nat\u00fcrlich Hochzeiten oder deren Pr\u00e4vention.<\/p>\n","protected":false},"excerpt":{"rendered":"<p>Nach dem Studium der Germanistik, Geschichte und Philosophie in Bonn Umzug nach Wien. Seit 2005 Herausgeber des e-beratungsjournal.net, 2009 Herausgabe des Handbuchs Onlineberatung (mit Gerhard Hintenberger). Co-Autor Einf\u00fchrung Onlineberatung und -therapie (2014, mit Christiane Eichenberg). seit 2024: Ausbildung Fachjournalismus (Deutsche &hellip; <a href=\"https:\/\/www.stefankuehne.net\/?page_id=2\">Weiterlesen <span class=\"meta-nav\">&rarr;<\/span><\/a><\/p>\n","protected":false},"author":1,"featured_media":0,"parent":0,"menu_order":1,"comment_status":"closed","ping_status":"closed","template":"","meta":{"om_disable_all_campaigns":false,"_monsterinsights_skip_tracking":false,"_monsterinsights_sitenote_active":false,"_monsterinsights_sitenote_note":"","_monsterinsights_sitenote_category":0,"ngg_post_thumbnail":0,"footnotes":""},"class_list":["post-2","page","type-page","status-publish","hentry"],"aioseo_notices":[],"_links":{"self":[{"href":"https:\/\/www.stefankuehne.net\/index.php?rest_route=\/wp\/v2\/pages\/2","targetHints":{"allow":["GET"]}}],"collection":[{"href":"https:\/\/www.stefankuehne.net\/index.php?rest_route=\/wp\/v2\/pages"}],"about":[{"href":"https:\/\/www.stefankuehne.net\/index.php?rest_route=\/wp\/v2\/types\/page"}],"author":[{"embeddable":true,"href":"https:\/\/www.stefankuehne.net\/index.php?rest_route=\/wp\/v2\/users\/1"}],"replies":[{"embeddable":true,"href":"https:\/\/www.stefankuehne.net\/index.php?rest_route=%2Fwp%2Fv2%2Fcomments&post=2"}],"version-history":[{"count":31,"href":"https:\/\/www.stefankuehne.net\/index.php?rest_route=\/wp\/v2\/pages\/2\/revisions"}],"predecessor-version":[{"id":712,"href":"https:\/\/www.stefankuehne.net\/index.php?rest_route=\/wp\/v2\/pages\/2\/revisions\/712"}],"wp:attachment":[{"href":"https:\/\/www.stefankuehne.net\/index.php?rest_route=%2Fwp%2Fv2%2Fmedia&parent=2"}],"curies":[{"name":"wp","href":"https:\/\/api.w.org\/{rel}","templated":true}]}}