{"id":31,"date":"2016-07-04T16:38:20","date_gmt":"2016-07-04T16:38:20","guid":{"rendered":"http:\/\/bewegungsetappe.net\/?page_id=31"},"modified":"2023-01-05T15:17:56","modified_gmt":"2023-01-05T15:17:56","slug":"umgang","status":"publish","type":"page","link":"https:\/\/www.stefankuehne.net\/?page_id=31","title":{"rendered":"Rundgang"},"content":{"rendered":"<p>Zu meinen Auftraggeber*innen geh\u00f6ren:<\/p>\n<ul>\n<li>Alpen-Adria Universit\u00e4t, Klagenfurt<\/li>\n<li>Berufsverband \u00d6sterreichischer PsychologInnen &#8211; Landesgruppe O\u00d6, Linz<\/li>\n<li>Berufsverband der approbierten Gruppenpsychotherapeuten, Dresden<\/li>\n<li>Beziehungleben.at &#8211; Akademie, Linz<\/li>\n<li>biv integrativ, Wien<\/li>\n<li>Bildungsberatung, Wien<\/li>\n<li>Bund der Vertriebenen, Bonn<\/li>\n<li>Bundeselternnetzwerk der Migrantenorganisationen f\u00fcr Bildung und Teilhabe e.V., Berlin<\/li>\n<li>Bundesinstitut f\u00fcr Erwachsenenbildung (bifeb), St. Wolfgang<\/li>\n<li>Bundesnetzwerk Offene Jugendarbeit \u00d6sterreich (BOJA), Wien<\/li>\n<li>Bundesnetzwerk \u00d6sterreichische Jugendinfos (B\u00d6JI), Wien<\/li>\n<li>Bundesverband katholischer Ehe-, Familien- und Lebensberatungsstellen Deutschland<\/li>\n<li>Bundesverband Kinderhospiz e.V.<\/li>\n<li>B7 &#8211; Arbeit und Leben, Linz<\/li>\n<li>Caritas, Wien<\/li>\n<li>Caritas-Verband f\u00fcr die Erzdi\u00f6zese Freiburg<\/li>\n<li>Erzbistum K\u00f6ln<\/li>\n<li>Euroguidance \u00d6sterreich, Wien<\/li>\n<li>Deutsche Aidshilfe, Berlin<\/li>\n<li>Deutsche Gesellschaft f\u00fcr Transaktionsanalyse DGTA<\/li>\n<li>Deutsches Rotes Kreuz, Bonn\/Berlin<\/li>\n<li>Diakonie Hessen, Frankfurt<\/li>\n<li>Diakonisches Werk der evangelischen Kirche in Deutschland<\/li>\n<li>Di\u00f6zesan-Caritasverband f\u00fcr das Erzbistum K\u00f6ln e.V.<\/li>\n<li>Donau-Universit\u00e4t, Krems<\/li>\n<li>Fachhochschule Burgenland<\/li>\n<li>Fachhochschule Campus Wien<\/li>\n<li>Fachhochschule St. P\u00f6lten<\/li>\n<li>Fatzer AG, Romanshorn<\/li>\n<li>Figurentheater Lilarum, Wien<\/li>\n<li>Forschungsinstitut betriebliche Bildung, N\u00fcrnberg<\/li>\n<li>Fortbildungsakademie des Deutschen Caritasverbandes, Freiburg<\/li>\n<li>Frauennotruf, Wien<\/li>\n<li>Friedensb\u00fcro, Salzburg<\/li>\n<li>Gesellschaft f\u00fcr Sexualp\u00e4dagogik (GSP), Kiel<\/li>\n<li>Hilfe von Mensch zu Mensch e.V., M\u00fcnchen<\/li>\n<li>Humpert &amp; Suden, Berlin<\/li>\n<li>Info4Escorts, Stuttgart<\/li>\n<li>Institut f\u00fcr Berufsbildung und Sozialmanagement (IBS), Erfurt<\/li>\n<li>Institute for International Research, Wien<\/li>\n<li>Integration Nieder\u00f6sterreich<\/li>\n<li>Ilse-Arlt-Institut, Fachhochschule St. P\u00f6lten<\/li>\n<li>Jugendrotkreuz \u00d6sterreich<\/li>\n<li>Kanner-Jugendtelefon, Luxemburg<\/li>\n<li>Karl Landsteiner Privatuniversit\u00e4t, Krems<\/li>\n<li>Katholische Akademie der Erdi\u00f6zese Freiburg<\/li>\n<li>Kneipp-Worldwide\/Kneipp-Bund e.V., Berlin<\/li>\n<li>Kulturverein, St. Johann im Pongau<\/li>\n<li>Landesstelle Jugendschutz Niedersachsen, Hannover<\/li>\n<li>Landesvereinigung f\u00fcr Gesundheit und Akademie f\u00fcr Sozialmedizin Niedersachsen e. V., Hannover<\/li>\n<li>Lebenshilfen Soziale Dienste, Graz<\/li>\n<li>Lions-Club Albert Einstein, Berlin<\/li>\n<li>Museum f\u00fcr Verh\u00fctung &amp; Schwangerschaftsabbruch, Wien<\/li>\n<li>Nationalagentur Lebenslanges Lernen, Wien<\/li>\n<li>Neustart, Nieder\u00f6sterreich<\/li>\n<li>Neustart, Ober\u00f6sterreich<\/li>\n<li>Neustart, Salzburg<\/li>\n<li>Neustart, Steiermark<\/li>\n<li>Neustart, Wien<\/li>\n<li>Ober\u00f6sterreichische Landesregierung, Direktion Gesundheit &amp; Soziales, Linz<\/li>\n<li>Ohm-Professional-School, N\u00fcrnberg<\/li>\n<li>\u00d6AGG, Wien<\/li>\n<li>\u00d6sterreichischer Bundesverband f\u00fcr Psychotherapie, Wien<\/li>\n<li>\u00d6sterreichischer Pr\u00e4ventionskongress, Graz<\/li>\n<li>Parit\u00e4tischer Wohlfahrtsverband, Berlin<\/li>\n<li>P\u00e4dagogische Hochschule Nieder\u00f6sterreich, Baden<\/li>\n<li>P\u00e4dagogische Hochschule, Z\u00fcrich<\/li>\n<li>Rheinische Friedrich-Wilhelms Universit\u00e4t, Bonn<\/li>\n<li>Rheinisches Landesmuseum, Trier<\/li>\n<li>Schabernack-Zentrum f\u00fcr Theorie und Praxis der Jugendhilfe e.V., G\u00fcstrow<\/li>\n<li>Sigmund Freud Privatuniversit\u00e4t, Wien<\/li>\n<li>SOS D\u00e9tresse, Luxemburg<\/li>\n<li>Suchthilfe, K\u00f6ln<\/li>\n<li>Technische Hochschule, K\u00f6ln<\/li>\n<li>Technische Hochschule Georg-Simon-Ohm, N\u00fcrnberg<\/li>\n<li>Telefonseelsorge Deutschland<\/li>\n<li>Telefonseelsorge K\u00f6ln<\/li>\n<li>Telefonseelsorge M\u00fcnchen<\/li>\n<li>Telefonseelsorge M\u00fcnster<\/li>\n<li>Telefonseelsorge Ober\u00f6sterreich<\/li>\n<li>Telefonseelsorge \u00d6sterreich<\/li>\n<li>Telefonseelsorge Ravensburg<\/li>\n<li>Telefonseelsorge Schwarzwald-Bodensee<\/li>\n<li>Telefonseelsorge Wien<\/li>\n<li>Tiroler Landesmuseum Ferdinandeum, Innsbruck<\/li>\n<li>T\u00fcrkische Gemeinde Deutschland, Berlin<\/li>\n<li>Undergroundgourmet, Sydney<\/li>\n<li>Universit\u00e4t Bielefeld<\/li>\n<li>Universit\u00e4t Stuttgart<\/li>\n<li>Verband der Beratungsstellen f\u00fcr Betroffene rechter, rassistischer und antisemitischer Gewalt, Berlin<\/li>\n<li>Verein Autark, Klagenfurt<\/li>\n<li>Verein Dialog, Wien<\/li>\n<li>Verein I.S.I. &#8211; Initiativen f\u00fcr Soziale Innovation, Linz<\/li>\n<li>Verein Jugend und Kultur, Wiener Neustadt<\/li>\n<li>Verein Sprungbrett, Wien<\/li>\n<li>Verwaltungsakademie des Bundeskanzleramtes, Wien<\/li>\n<li>VIVID Fachstelle f\u00fcr Suchtpr\u00e4vention, Graz<\/li>\n<li>Weiterbildungsakademie, Wien<\/li>\n<li>Wien Museum, Wien<\/li>\n<li>WIG &#8211; Wiener Gesundheitsf\u00f6rderung, Wien<\/li>\n<li>wienXtra-institut f\u00fcr freizeitpdagogik (ifp), Wien<\/li>\n<li>Zentrum f\u00fcr Soziale Innovation (ZSI), Wien<\/li>\n<\/ul>\n","protected":false},"excerpt":{"rendered":"<p>Zu meinen Auftraggeber*innen geh\u00f6ren: Alpen-Adria Universit\u00e4t, Klagenfurt Berufsverband \u00d6sterreichischer PsychologInnen &#8211; Landesgruppe O\u00d6, Linz Berufsverband der approbierten Gruppenpsychotherapeuten, Dresden Beziehungleben.at &#8211; Akademie, Linz biv integrativ, Wien Bildungsberatung, Wien Bund der Vertriebenen, Bonn Bundeselternnetzwerk der Migrantenorganisationen f\u00fcr Bildung und Teilhabe e.V., &hellip; <a href=\"https:\/\/www.stefankuehne.net\/?page_id=31\">Weiterlesen <span class=\"meta-nav\">&rarr;<\/span><\/a><\/p>\n","protected":false},"author":1,"featured_media":0,"parent":0,"menu_order":5,"comment_status":"closed","ping_status":"closed","template":"","meta":{"om_disable_all_campaigns":false,"_monsterinsights_skip_tracking":false,"_monsterinsights_sitenote_active":false,"_monsterinsights_sitenote_note":"","_monsterinsights_sitenote_category":0,"ngg_post_thumbnail":0,"footnotes":""},"class_list":["post-31","page","type-page","status-publish","hentry"],"aioseo_notices":[],"_links":{"self":[{"href":"https:\/\/www.stefankuehne.net\/index.php?rest_route=\/wp\/v2\/pages\/31","targetHints":{"allow":["GET"]}}],"collection":[{"href":"https:\/\/www.stefankuehne.net\/index.php?rest_route=\/wp\/v2\/pages"}],"about":[{"href":"https:\/\/www.stefankuehne.net\/index.php?rest_route=\/wp\/v2\/types\/page"}],"author":[{"embeddable":true,"href":"https:\/\/www.stefankuehne.net\/index.php?rest_route=\/wp\/v2\/users\/1"}],"replies":[{"embeddable":true,"href":"https:\/\/www.stefankuehne.net\/index.php?rest_route=%2Fwp%2Fv2%2Fcomments&post=31"}],"version-history":[{"count":44,"href":"https:\/\/www.stefankuehne.net\/index.php?rest_route=\/wp\/v2\/pages\/31\/revisions"}],"predecessor-version":[{"id":649,"href":"https:\/\/www.stefankuehne.net\/index.php?rest_route=\/wp\/v2\/pages\/31\/revisions\/649"}],"wp:attachment":[{"href":"https:\/\/www.stefankuehne.net\/index.php?rest_route=%2Fwp%2Fv2%2Fmedia&parent=31"}],"curies":[{"name":"wp","href":"https:\/\/api.w.org\/{rel}","templated":true}]}}