{"id":42,"date":"2016-07-04T17:06:07","date_gmt":"2016-07-04T17:06:07","guid":{"rendered":"http:\/\/bewegungsetappe.net\/?page_id=42"},"modified":"2025-06-15T18:45:55","modified_gmt":"2025-06-15T18:45:55","slug":"seminare","status":"publish","type":"page","link":"https:\/\/www.stefankuehne.net\/?page_id=42","title":{"rendered":"Seminare"},"content":{"rendered":"<p><strong>Zu diesen Themen biete ich Seminare und Workshops an<\/strong><\/p>\n<ul>\n<li>Onlineberatung\n<ul>\n<li>Einf\u00fchrung und Grundlagen<\/li>\n<li>Methodik der Mailberatung<\/li>\n<li>Einf\u00fchrung in die Chat- und Messengerberatung<\/li>\n<li>Einf\u00fchrung in die Videoberatung<\/li>\n<li>Kreatives Schreiben in der Onlineberatung<\/li>\n<li>Qualit\u00e4t und Standards in der Onlineberatung<\/li>\n<li>Projektentwicklung Onlineberatung und Digitale Soziale Arbeit<\/li>\n<li><strong>NEU:<\/strong> K\u00fcnstliche Intelligenz (AI) und Auswirkungen auf die Beratung<\/li>\n<\/ul>\n<\/li>\n<li>Kommunikationstraining\n<ul>\n<li>Grundlagen der Onlinekommunikation<\/li>\n<li>Grundlagen der Gespr\u00e4chsf\u00fchrung<\/li>\n<\/ul>\n<\/li>\n<li>Digitalisierung\n<ul>\n<li>Digitale Lebenswelten &#8211; Was machen Menschen im Netz &#8211; und was macht das Netz mit den Menschen?<\/li>\n<li>Digitale Jugendarbeit<\/li>\n<li>Digitale Soziale Arbeit<\/li>\n<\/ul>\n<\/li>\n<li>Online-Ahnenforschung<\/li>\n<\/ul>\n<p>&nbsp;<\/p>\n","protected":false},"excerpt":{"rendered":"<p>Zu diesen Themen biete ich Seminare und Workshops an Onlineberatung Einf\u00fchrung und Grundlagen Methodik der Mailberatung Einf\u00fchrung in die Chat- und Messengerberatung Einf\u00fchrung in die Videoberatung Kreatives Schreiben in der Onlineberatung Qualit\u00e4t und Standards in der Onlineberatung Projektentwicklung Onlineberatung und &hellip; <a href=\"https:\/\/www.stefankuehne.net\/?page_id=42\">Weiterlesen <span class=\"meta-nav\">&rarr;<\/span><\/a><\/p>\n","protected":false},"author":1,"featured_media":0,"parent":24,"menu_order":2,"comment_status":"closed","ping_status":"closed","template":"","meta":{"om_disable_all_campaigns":false,"_monsterinsights_skip_tracking":false,"_monsterinsights_sitenote_active":false,"_monsterinsights_sitenote_note":"","_monsterinsights_sitenote_category":0,"ngg_post_thumbnail":0,"footnotes":""},"class_list":["post-42","page","type-page","status-publish","hentry"],"aioseo_notices":[],"_links":{"self":[{"href":"https:\/\/www.stefankuehne.net\/index.php?rest_route=\/wp\/v2\/pages\/42","targetHints":{"allow":["GET"]}}],"collection":[{"href":"https:\/\/www.stefankuehne.net\/index.php?rest_route=\/wp\/v2\/pages"}],"about":[{"href":"https:\/\/www.stefankuehne.net\/index.php?rest_route=\/wp\/v2\/types\/page"}],"author":[{"embeddable":true,"href":"https:\/\/www.stefankuehne.net\/index.php?rest_route=\/wp\/v2\/users\/1"}],"replies":[{"embeddable":true,"href":"https:\/\/www.stefankuehne.net\/index.php?rest_route=%2Fwp%2Fv2%2Fcomments&post=42"}],"version-history":[{"count":72,"href":"https:\/\/www.stefankuehne.net\/index.php?rest_route=\/wp\/v2\/pages\/42\/revisions"}],"predecessor-version":[{"id":714,"href":"https:\/\/www.stefankuehne.net\/index.php?rest_route=\/wp\/v2\/pages\/42\/revisions\/714"}],"up":[{"embeddable":true,"href":"https:\/\/www.stefankuehne.net\/index.php?rest_route=\/wp\/v2\/pages\/24"}],"wp:attachment":[{"href":"https:\/\/www.stefankuehne.net\/index.php?rest_route=%2Fwp%2Fv2%2Fmedia&parent=42"}],"curies":[{"name":"wp","href":"https:\/\/api.w.org\/{rel}","templated":true}]}}