{"id":44,"date":"2016-07-04T17:06:46","date_gmt":"2016-07-04T17:06:46","guid":{"rendered":"http:\/\/bewegungsetappe.net\/?page_id=44"},"modified":"2020-05-16T10:08:52","modified_gmt":"2020-05-16T10:08:52","slug":"lesungen","status":"publish","type":"page","link":"https:\/\/www.stefankuehne.net\/?page_id=44","title":{"rendered":"Lesungen"},"content":{"rendered":"<p><strong>2020<\/strong><\/p>\n<p>Freitag, 11.12.: &#8222;Die vollkommene Ehe &#8211; gibt es das?&#8220;, Wien<\/p>\n<p><strong>2019<\/strong><\/p>\n<p>Freitag, 6.12.: &#8222;Die vollkommene Ehe &#8211; von Stellungen und Einstellungen&#8220;, im Rahmen des 1. Frauensalons, Bad-Kreuznach<\/p>\n<p><strong>2017<\/strong><\/p>\n<p>Freitag, 20.01.: &#8222;Das goldene Buch der Liebe&#8220; im Rahmen der &#8222;Langen Nacht des Sex&#8220; im Wien Museum, Wien<\/p>\n<p><strong>2015<\/strong><\/p>\n<p>Freitag, 2.10.: &#8222;Die vollkommene Ehe &#8211; von Stellungen und Einstellungen&#8220;, St. P\u00f6lten<\/p>\n<p><strong>2010<\/strong><\/p>\n<p>Donnerstag, 14.10.: &#8222;Durch\u00b4s Reden kommen die Leut\u00b4 z\u00b4samm &#8211; Am Anfang war das Missverst\u00e4ndnis&#8220; (mit S. P\u00f6chacker\/H. Schuster), Verwaltungsakademie des Bundeskanzleramtes, Wien<\/p>\n<p>Montag, 31.05.: &#8222;H\u00f6rst Du? Das Knacksen der B\u00e4ume!&#8220; aus den Werken von Marianne Schoiswohl, Kunstwerkstatt, Wien<\/p>\n<p><strong>2009<\/strong><\/p>\n<p>Montag, 18.05.: Buchpr\u00e4sentation &amp; Lesung &#8222;Handbuch Online-Beratung&#8220;, wienXtra-institut f\u00fcr freizeitp\u00e4dagogik (ifp), Wien<\/p>\n<p><strong>2008<\/strong><\/p>\n<p>Freitag, 03.10.: &#8222;Sexualkatastrophen &#8211; ein heiteres Am\u00fcsement&#8220;, Museum f\u00fcr Verh\u00fctung und Schwangerschaftsabbruch, Wien<\/p>\n<p>Freitag, 26.09.: &#8222;Die Vollkommene Ehe &#8211; ein literaturhistorischer Erguss&#8220;, Jubil\u00e4ums-Tagung &#8222;Sexuelle Lebenskunst&#8220; der Gesellschaft f\u00fcr Sexualp\u00e4dagogik GSP, Kiel<\/p>\n<p>Donnerstag, 12.06.: &#8222;Die vollkommene Ehe &#8211; ein literaturhistorisches Lesekabarett f\u00fcr Paare und andere Singles&#8220; im Rahmen der Ausstellung &#8222;100.000 Jahre Sex&#8220;, Landesmuseum Trier<\/p>\n<p><strong>2007<\/strong><\/p>\n<p>Mittwoch, 21.11.: &#8222;Die vollkommene Ehe &#8211; ein literaturhistorisches Lesekabarett f\u00fcr Paare und andere Singles.&#8220; Di\u00f6zesantag 2007, Ehe-, Familien- und Lebensberatung, Bad Honnef<\/p>\n<p>Donnerstag, 15.11.: &#8222;Die Vollkommene Ehe ein literaturhistorisches Lesekabarett f\u00fcr Paare und andere Singles&#8220;, St. Johann im Pongau<\/p>\n<p>Freitag, 13.04.: &#8222;Die vollkommene Ehe&#8220;- Benefizlesung f\u00fcr das Projekt &#8222;Braille Without Borders&#8220;, wienXtra-cinemagic, Wien<\/p>\n<p><strong>2006<\/strong><\/p>\n<p>Samstag, 16.09.: Herr K\u00fchne gibt sachdienliche Hinweise zur &#8222;Vollkommenen Ehe&#8220;, Zentrum f\u00fcr Kunst und Medientechnologie (ZKM), Karlsruhe<\/p>\n<p>Donnerstag, 07.09.: Lesung\/Performance &#8222;&#8211; -.&#8211; &#8230; &#8212; .-.. \/ mysol. Habe Sehnsucht, wie ist Dein Befinden mein Lieb?&#8220;, Rekonstruktionen der Sehnsucht einer Fernbeziehung nach Buenos Aires aus dem Jahre 1924. Text und akustische Impressionen eines verschl\u00fcsselten Buches der Liebe: Familien-Telegraphenschl\u00fcssel f\u00fcr Deutsche im Auslande von Carl B\u00f6diker, 1922. at.elier Marianne Schoiswohl, Wien.<\/p>\n<p>Donnerstag, 24.08.: Vortrag\/Lesung &#8222;Die vollkommene Ehe&#8220;, Tiroler Landesmuseum Ferdinandeum im Rahmen der Ausstellung &#8222;100.000 Jahre Sex&#8220;, Innsbruck<\/p>\n<p><span style=\"text-decoration: underline;\">Im Rahmen des Projekts \u201eGood old Germany\u201c \u2013 Beisheim Center, Berlin<\/span><\/p>\n<p>Sonntag, 23.07.: &#8222;Immer wieder sonntags &#8211; Herr K\u00fchne durchlebt deutsche Schlagertexte&#8220;<\/p>\n<p>Samstag, 22.07.: &#8222;Die vollkommene Ehe &#8211; Teil IV. S\u00fcnde und andere Dinge zum Anfassen\u201c<\/p>\n<p>Sonntag, 09.07.: &#8222;Herr K\u00fchne erkennt den europ\u00e4ischen Gedanken in deutschen Schlagertexten&#8220;<\/p>\n<p>Samstag, 08.07.: &#8222;Die vollkommene Ehe &#8211; Teil III. Praktische Hinweise f\u00fcr Paare und andere Singles&#8220;<\/p>\n<p>Sonntag, 02.07.: &#8222;Immer wieder sonntags &#8211; Herr K\u00fchne interpretiert deutsche Schlagertexte von Cindy &amp; Bert&#8220;<\/p>\n<p>Samstag, 01.07.: &#8222;Die vollkommene Ehe &#8211; Teil II. Stellungen f\u00fcr Sie und Ihn&#8220;<\/p>\n<p>Sonntag, 25.06.: &#8222;Immer wieder sonntags &#8211; Herr K\u00fchne dribbelt deutsche Schlagertexte&#8220;<\/p>\n<p>Samstag, 24.06.: &#8222;Die Vollkommene Ehe &#8211; Teil I. Ein literaturhistorischer Erguss.&#8220;<\/p>\n<p>Samstag, 24.06.: &#8222;Herr K\u00fchne liest die Deutschlandkarte \/ Unser beliebtes Deutschlandquiz&#8220;<\/p>\n<p>&nbsp;<\/p>\n<p>Samstag, 01.04.2006: Lesekabarett &#8222;Die vollkommene Ehe, Teil III &#8211; Von Stellungen und Einstellungen&#8220;. Wissenswertes und Praktisches f\u00fcr Paare und andere Singles. wienXtra-cinemagic, Wien<\/p>\n<p><strong>2005<\/strong><\/p>\n<p>Freitag, 16.12.: &#8222;Sie haben G\u00e4ste, Herr Direktor! Ein Streifzug durch Anstand und Benimm von Knigge bis Pappritz&#8220;, Humpert&amp;Suden, Berlin<\/p>\n<p>Samstag, 22.10.: &#8222;Die vollkommene Ehe \/ Teil II &#8211; ein tollk\u00fchnes Lesekabarett f\u00fcr Paare und andere Singles&#8220;, wienXtra-cinemagic, Wien<\/p>\n<p>Samstag, 04.06.: &#8222;Die vollkommene Ehe. Sexual- und Eheratgeber von 1850 bis 1960.&#8220; wienXtra-cinemagic, Wien<\/p>\n","protected":false},"excerpt":{"rendered":"<p>2020 Freitag, 11.12.: &#8222;Die vollkommene Ehe &#8211; gibt es das?&#8220;, Wien 2019 Freitag, 6.12.: &#8222;Die vollkommene Ehe &#8211; von Stellungen und Einstellungen&#8220;, im Rahmen des 1. Frauensalons, Bad-Kreuznach 2017 Freitag, 20.01.: &#8222;Das goldene Buch der Liebe&#8220; im Rahmen der &#8222;Langen &hellip; <a href=\"https:\/\/www.stefankuehne.net\/?page_id=44\">Weiterlesen <span class=\"meta-nav\">&rarr;<\/span><\/a><\/p>\n","protected":false},"author":1,"featured_media":0,"parent":24,"menu_order":3,"comment_status":"closed","ping_status":"closed","template":"","meta":{"om_disable_all_campaigns":false,"_monsterinsights_skip_tracking":false,"_monsterinsights_sitenote_active":false,"_monsterinsights_sitenote_note":"","_monsterinsights_sitenote_category":0,"ngg_post_thumbnail":0,"footnotes":""},"class_list":["post-44","page","type-page","status-publish","hentry"],"aioseo_notices":[],"_links":{"self":[{"href":"https:\/\/www.stefankuehne.net\/index.php?rest_route=\/wp\/v2\/pages\/44","targetHints":{"allow":["GET"]}}],"collection":[{"href":"https:\/\/www.stefankuehne.net\/index.php?rest_route=\/wp\/v2\/pages"}],"about":[{"href":"https:\/\/www.stefankuehne.net\/index.php?rest_route=\/wp\/v2\/types\/page"}],"author":[{"embeddable":true,"href":"https:\/\/www.stefankuehne.net\/index.php?rest_route=\/wp\/v2\/users\/1"}],"replies":[{"embeddable":true,"href":"https:\/\/www.stefankuehne.net\/index.php?rest_route=%2Fwp%2Fv2%2Fcomments&post=44"}],"version-history":[{"count":6,"href":"https:\/\/www.stefankuehne.net\/index.php?rest_route=\/wp\/v2\/pages\/44\/revisions"}],"predecessor-version":[{"id":418,"href":"https:\/\/www.stefankuehne.net\/index.php?rest_route=\/wp\/v2\/pages\/44\/revisions\/418"}],"up":[{"embeddable":true,"href":"https:\/\/www.stefankuehne.net\/index.php?rest_route=\/wp\/v2\/pages\/24"}],"wp:attachment":[{"href":"https:\/\/www.stefankuehne.net\/index.php?rest_route=%2Fwp%2Fv2%2Fmedia&parent=44"}],"curies":[{"name":"wp","href":"https:\/\/api.w.org\/{rel}","templated":true}]}}