{"id":536,"date":"2022-07-04T12:42:48","date_gmt":"2022-07-04T12:42:48","guid":{"rendered":"https:\/\/www.stefankuehne.net\/?page_id=536"},"modified":"2025-06-15T18:33:45","modified_gmt":"2025-06-15T18:33:45","slug":"podcast-video","status":"publish","type":"page","link":"https:\/\/www.stefankuehne.net\/?page_id=536","title":{"rendered":"Podcast &#038; Video"},"content":{"rendered":"<p><strong>Podcasts<\/strong><\/p>\n<p><strong>2025<\/strong><\/p>\n<p><a href=\"https:\/\/www.forschungsgreisslerei.at\/2025\/05\/22\/kuenstliche-intelligenz-im-kontext-von-psychotherapie-und-beratung\/\">&#8222;Landschaftsg\u00e4rtner:innen der Neurosen&#8220; zum Thema &#8222;KI in Beratung und Therapie&#8220;&nbsp;<\/a><\/p>\n<p><strong>2021<\/strong><\/p>\n<p><a href=\"https:\/\/open.spotify.com\/episode\/6Pu9SQjDXZdyQShNr9ATEj?si=JCvHYacvSGa76TaPi_U1EQ\">Rede \u00fcber Wege. Erwachsenenbildner spricht: Stefan K\u00fchne \u00fcber WIENXTRA, die freiberufliche T\u00e4tigkeit der Onlineberatung und das Erwachsenwerden.<\/a><\/p>\n<p><strong>2018<\/strong><\/p>\n<p><a href=\"https:\/\/iwmm.podigee.io\/7-iwmm-podcast-006-online-beratung-soziale-arbeit-im-digitalen-raum\">IWWM &#8211; Podcast 006: Stefan K\u00fchne &#8211; Onlineberatung. Soziale Arbeit im digitalen Raum.<\/a><\/p>\n<p><strong>Videos<\/strong><\/p>\n<p><strong>2025<\/strong><\/p>\n<p><a href=\"https:\/\/youtu.be\/MdKOqZLnjGU?si=iEW_6VFQOF7r2CrI\">KI in der Jugendarbeit und Beratung (Jumblr Session)<\/a><\/p>\n<p><strong>2022<\/strong><\/p>\n<p><a href=\"https:\/\/youtu.be\/Ual4Vz_KDME\">Keynote im Rahmen der Euroguidance Fachtagung &#8222;Beziehungsgestaltung in der Onlineberatung&#8220;.<\/a><\/p>\n<p><strong>2021<\/strong><\/p>\n<p><a href=\"https:\/\/youtu.be\/bFA23WRjmTQ\">Psychodrama Online-Symposium: Digitalisierung und Psychotherapie als Drama f\u00fcr die Psyche? Vortrag von Gerhard Hintenberger und Stefan K\u00fchne<\/a><\/p>\n<p><a href=\"https:\/\/www.youtube.com\/watch?v=gmOM7ALwyZ4&amp;t=498s\">Onlineberatung &#8211; Chancen und Grenzen in der Jugendarbeit. Vortrag von Stefan K\u00fchne im Rahmen des Symposiums &#8222;Linz spricht&#8220;.<\/a><\/p>\n<p><strong>2020<\/strong><\/p>\n<p><a href=\"https:\/\/youtu.be\/OYWL9rPlrg4\">Onlineberatung &#8211; Chancen und Grenzen in der Jugendarbeit. Vortrag von Stefan K\u00fchne (bOJA-Talk).<\/a><\/p>\n<p><strong>2019<\/strong><\/p>\n<p><a href=\"https:\/\/youtu.be\/yYDHaZydXYg\">Caritas-Forum (Wien): Onlineberatung.<\/a><\/p>\n","protected":false},"excerpt":{"rendered":"<p>Podcasts 2025 &#8222;Landschaftsg\u00e4rtner:innen der Neurosen&#8220; zum Thema &#8222;KI in Beratung und Therapie&#8220;&nbsp; 2021 Rede \u00fcber Wege. Erwachsenenbildner spricht: Stefan K\u00fchne \u00fcber WIENXTRA, die freiberufliche T\u00e4tigkeit der Onlineberatung und das Erwachsenwerden. 2018 IWWM &#8211; Podcast 006: Stefan K\u00fchne &#8211; Onlineberatung. Soziale &hellip; <a href=\"https:\/\/www.stefankuehne.net\/?page_id=536\">Weiterlesen <span class=\"meta-nav\">&rarr;<\/span><\/a><\/p>\n","protected":false},"author":1,"featured_media":0,"parent":6,"menu_order":0,"comment_status":"closed","ping_status":"closed","template":"","meta":{"om_disable_all_campaigns":false,"_monsterinsights_skip_tracking":false,"_monsterinsights_sitenote_active":false,"_monsterinsights_sitenote_note":"","_monsterinsights_sitenote_category":0,"ngg_post_thumbnail":0,"footnotes":""},"class_list":["post-536","page","type-page","status-publish","hentry"],"aioseo_notices":[],"_links":{"self":[{"href":"https:\/\/www.stefankuehne.net\/index.php?rest_route=\/wp\/v2\/pages\/536","targetHints":{"allow":["GET"]}}],"collection":[{"href":"https:\/\/www.stefankuehne.net\/index.php?rest_route=\/wp\/v2\/pages"}],"about":[{"href":"https:\/\/www.stefankuehne.net\/index.php?rest_route=\/wp\/v2\/types\/page"}],"author":[{"embeddable":true,"href":"https:\/\/www.stefankuehne.net\/index.php?rest_route=\/wp\/v2\/users\/1"}],"replies":[{"embeddable":true,"href":"https:\/\/www.stefankuehne.net\/index.php?rest_route=%2Fwp%2Fv2%2Fcomments&post=536"}],"version-history":[{"count":10,"href":"https:\/\/www.stefankuehne.net\/index.php?rest_route=\/wp\/v2\/pages\/536\/revisions"}],"predecessor-version":[{"id":707,"href":"https:\/\/www.stefankuehne.net\/index.php?rest_route=\/wp\/v2\/pages\/536\/revisions\/707"}],"up":[{"embeddable":true,"href":"https:\/\/www.stefankuehne.net\/index.php?rest_route=\/wp\/v2\/pages\/6"}],"wp:attachment":[{"href":"https:\/\/www.stefankuehne.net\/index.php?rest_route=%2Fwp%2Fv2%2Fmedia&parent=536"}],"curies":[{"name":"wp","href":"https:\/\/api.w.org\/{rel}","templated":true}]}}