{"id":6,"date":"2016-07-02T17:11:31","date_gmt":"2016-07-02T17:11:31","guid":{"rendered":"http:\/\/bewegungsetappe.net\/?page_id=6"},"modified":"2023-01-08T12:20:57","modified_gmt":"2023-01-08T12:20:57","slug":"uebergang","status":"publish","type":"page","link":"https:\/\/www.stefankuehne.net\/?page_id=6","title":{"rendered":"Tiefgang"},"content":{"rendered":"<p>Hier finden Sie eine aktuelle \u00dcbersicht zu meinen <a title=\"Publikationen\" href=\"https:\/\/www.stefankuehne.net\/?page_id=77\">Ver\u00f6ffentlichungen<\/a> und <a title=\"Rezensionen\" href=\"https:\/\/www.stefankuehne.net\/?page_id=84\">Rezensionen<\/a>.<\/p>\n<p>Die <strong>&#8222;Einf\u00fchrung Onlineberatung und -therapie&#8220;<\/strong> (2014) ist ein grundlegendes Lehrbuch f\u00fcr Onlineberatung und psychologische Onlineinterventionen. Dar\u00fcber hinaus werden Effekte der Internetnutzung behandelt.<\/p>\n<p><a href=\"http:\/\/amzn.to\/2uNuyto\"><img loading=\"lazy\" decoding=\"async\" class=\"alignnone size-medium wp-image-116\" src=\"http:\/\/www.stefankuehne.net\/wp-content\/uploads\/2016\/07\/Einfuehrung-209x300.jpg\" alt=\"Einfuehrung\" width=\"209\" height=\"300\" srcset=\"https:\/\/www.stefankuehne.net\/wp-content\/uploads\/2016\/07\/Einfuehrung-209x300.jpg 209w, https:\/\/www.stefankuehne.net\/wp-content\/uploads\/2016\/07\/Einfuehrung-768x1100.jpg 768w, https:\/\/www.stefankuehne.net\/wp-content\/uploads\/2016\/07\/Einfuehrung-715x1024.jpg 715w, https:\/\/www.stefankuehne.net\/wp-content\/uploads\/2016\/07\/Einfuehrung.jpg 1772w\" sizes=\"auto, (max-width: 209px) 100vw, 209px\" \/><\/a><\/p>\n<p>Das <strong>&#8222;Handbuch Onlineberatung&#8220;<\/strong> (2009) ist das Standardwerk f\u00fcr psychosoziale Onlineberatung.<\/p>\n<p><a href=\"http:\/\/amzn.to\/2tamilo\"><img loading=\"lazy\" decoding=\"async\" class=\"alignnone wp-image-89\" src=\"http:\/\/bewegungsetappe.net\/wp-content\/uploads\/2016\/07\/Handbuch-Onlineberatung-200x300.jpg\" alt=\"Handbuch Onlineberatung\" width=\"206\" height=\"304\"><\/a><\/p>\n<p>Eine \u00dcbersicht finden Sie auch bei <a href=\"https:\/\/scholar.google.com\/citations?user=eTMY_MwAAAAJ&amp;hl=en\">Google Scholar<\/a>.<\/p>\n<p>Gerne k\u00f6nnen Sie sich mit mir bei <a href=\"https:\/\/www.researchgate.net\/profile\/Stefan_Kuehne\">Researchgate<\/a> oder <a href=\"http:\/\/independent.academia.edu\/StefanKuehne\">Academia.edu<\/a> vernetzen.<\/p>\n","protected":false},"excerpt":{"rendered":"<p>Hier finden Sie eine aktuelle \u00dcbersicht zu meinen Ver\u00f6ffentlichungen und Rezensionen. Die &#8222;Einf\u00fchrung Onlineberatung und -therapie&#8220; (2014) ist ein grundlegendes Lehrbuch f\u00fcr Onlineberatung und psychologische Onlineinterventionen. Dar\u00fcber hinaus werden Effekte der Internetnutzung behandelt. Das &#8222;Handbuch Onlineberatung&#8220; (2009) ist das Standardwerk &hellip; <a href=\"https:\/\/www.stefankuehne.net\/?page_id=6\">Weiterlesen <span class=\"meta-nav\">&rarr;<\/span><\/a><\/p>\n","protected":false},"author":1,"featured_media":0,"parent":0,"menu_order":3,"comment_status":"closed","ping_status":"closed","template":"","meta":{"om_disable_all_campaigns":false,"_monsterinsights_skip_tracking":false,"_monsterinsights_sitenote_active":false,"_monsterinsights_sitenote_note":"","_monsterinsights_sitenote_category":0,"ngg_post_thumbnail":0,"footnotes":""},"class_list":["post-6","page","type-page","status-publish","hentry"],"aioseo_notices":[],"_links":{"self":[{"href":"https:\/\/www.stefankuehne.net\/index.php?rest_route=\/wp\/v2\/pages\/6","targetHints":{"allow":["GET"]}}],"collection":[{"href":"https:\/\/www.stefankuehne.net\/index.php?rest_route=\/wp\/v2\/pages"}],"about":[{"href":"https:\/\/www.stefankuehne.net\/index.php?rest_route=\/wp\/v2\/types\/page"}],"author":[{"embeddable":true,"href":"https:\/\/www.stefankuehne.net\/index.php?rest_route=\/wp\/v2\/users\/1"}],"replies":[{"embeddable":true,"href":"https:\/\/www.stefankuehne.net\/index.php?rest_route=%2Fwp%2Fv2%2Fcomments&post=6"}],"version-history":[{"count":20,"href":"https:\/\/www.stefankuehne.net\/index.php?rest_route=\/wp\/v2\/pages\/6\/revisions"}],"predecessor-version":[{"id":662,"href":"https:\/\/www.stefankuehne.net\/index.php?rest_route=\/wp\/v2\/pages\/6\/revisions\/662"}],"wp:attachment":[{"href":"https:\/\/www.stefankuehne.net\/index.php?rest_route=%2Fwp%2Fv2%2Fmedia&parent=6"}],"curies":[{"name":"wp","href":"https:\/\/api.w.org\/{rel}","templated":true}]}}