{"id":61,"date":"2016-07-04T18:08:20","date_gmt":"2016-07-04T18:08:20","guid":{"rendered":"http:\/\/bewegungsetappe.net\/?page_id=61"},"modified":"2026-02-02T09:56:25","modified_gmt":"2026-02-02T09:56:25","slug":"eingang","status":"publish","type":"page","link":"https:\/\/www.stefankuehne.net\/","title":{"rendered":""},"content":{"rendered":"<p><img loading=\"lazy\" decoding=\"async\" class=\"wp-image-682 size-medium alignleft\" src=\"https:\/\/www.stefankuehne.net\/wp-content\/uploads\/2023\/03\/foto6_profilfoto_45x60mm_v1-225x300.jpg\" alt=\"\" width=\"225\" height=\"300\" srcset=\"https:\/\/www.stefankuehne.net\/wp-content\/uploads\/2023\/03\/foto6_profilfoto_45x60mm_v1-225x300.jpg 225w, https:\/\/www.stefankuehne.net\/wp-content\/uploads\/2023\/03\/foto6_profilfoto_45x60mm_v1.jpg 531w\" sizes=\"auto, (max-width: 225px) 100vw, 225px\" \/><\/p>\n<p><strong>Experte f\u00fcr KI (K\u00fcnstliche Intelligenz), Onlineberatung und Digitale Soziale Arbeit<\/strong><\/p>\n<p>Herzlich willkommen! Auf diesen Seiten finden Sie Informationen zu meinen <a title=\"Publikationen\" href=\"https:\/\/www.stefankuehne.net\/?page_id=77\">Ver\u00f6ffentlichungen<\/a>, <a title=\"Vortr\u00e4ge\" href=\"https:\/\/www.stefankuehne.net\/?page_id=19\">Vortr\u00e4gen,<\/a> <a title=\"Seminare\" href=\"https:\/\/www.stefankuehne.net\/?page_id=42\">Seminaren<\/a> und weiteren Arbeitsschwerpunkten.<\/p>\n<p>Seit 2001 besch\u00e4ftige ich mich mit den Themen Onlinekommunikation, Onlineberatung und Digitalisierung in der Sozialen Arbeit.<\/p>\n<p>&nbsp;<\/p>\n<p style=\"text-align: left;\">Als <strong>Herausgeber des e-beratungsjournal.net<\/strong> und <strong>Lehrbeauftragter an Hochschulen und Universit\u00e4ten<\/strong> gestalte ich die fachliche Entwicklung seit vielen Jahren aktiv mit.<\/p>\n<p><strong>Aktuell:<\/strong><\/p>\n<ul>\n<li style=\"list-style-type: none;\">\n<ul>\n<li><a href=\"https:\/\/kuehne-engel.blogspot.com\/2026\/02\/ki-kant-immanuel-was-ist-ki-aufklarung.html\">&#8222;KI, Kant Immanuel: Was ist KI-Aufkl\u00e4rung?&#8220;<\/a><\/li>\n<li>Anmeldungen zum <a href=\"https:\/\/www.forschungsgreisslerei.at\/ob_9\/\">Lehrgang Onlineberatung 2026 <\/a>(Herbst) ab sofort m\u00f6glich.<\/li>\n<li><a href=\"https:\/\/kuehne-engel.blogspot.com\/\">Mutige Gedanken zum Thema KI und Beratung<\/a> (Blog gemeinsam mit Frank Engel)<\/li>\n<li>Podcast <a href=\"https:\/\/www.forschungsgreisslerei.at\/2025\/05\/22\/kuenstliche-intelligenz-im-kontext-von-psychotherapie-und-beratung\/\">&#8222;Landschaftsg\u00e4rtner:innen der Neurosen&#8220; zum Thema &#8222;KI in Beratung und Therapie&#8220;<\/a><\/li>\n<li>Aktuelle Seminare zu den Themen &#8222;Kinder und Jugendliche und ihre Beziehungen zu KI&#8220;, K\u00fcnstliche Intelligenz in der Beratung&#8220;, &#8222;K\u00fcnstliche Intelligenz und Ethik in der Beratung&#8220;, &#8222;Digitale Soziale Arbeit&#8220;, &#8222;KI und F\u00fchrung&#8220;, &#8222;Onlineberatung&#8220;<\/li>\n<\/ul>\n<\/li>\n<\/ul>\n<ul>\n<li><strong>Aktuelle Webinare:<\/strong> <a href=\"https:\/\/www.forschungsgreisslerei.at\/digitalkompetenz\/\">&#8222;K\u00fcnstliche Intelligenz (AI) und Auswirkungen auf die Beratung&#8220;<\/a><\/li>\n<\/ul>\n<p>Treten Sie ein, schauen Sie sich um &#8211; wenn Sie mir eine Nachricht schicken m\u00f6chten, k\u00f6nnen Sie dies auf der Seite <a title=\"Zugang\" href=\"https:\/\/www.stefankuehne.net\/?page_id=33\">Zugang<\/a> tun oder auch gleich unter office [at] stefankuehne.net<\/p>\n<p>Freundliche Gr\u00fc\u00dfe,<\/p>\n<p>Stefan K\u00fchne, MSc<br \/>\nDipl.-Erwachsenenbildner<br \/>\nObmann der Forschungsgreisslerei<\/p>\n<p><strong>NEU &#8222;Engelhardt, M. &amp; K\u00fchne, S. (2025): K\u00fcnstliche Intelligenz in der Beratung. Ein Kompass f\u00fcr die systemische Praxis. G\u00f6ttingen: Vandenhoeck &amp; Ruprecht.<\/strong><\/p>\n<p>Begleitseite zum Buch: <a href=\"http:\/\/ki-systemisch.net\">http:\/\/ki-systemisch.net<\/a><\/p>\n<p><a href=\"https:\/\/www.vandenhoeck-ruprecht-verlage.com\/themen-entdecken\/psychologie-psychotherapie-beratung\/arbeit-und-organisation\/beratung-coaching-supervision\/4919\/handbuch-online-beratung\"><br \/>\n<\/a><img loading=\"lazy\" decoding=\"async\" class=\"alignleft wp-image-702\" src=\"https:\/\/www.stefankuehne.net\/wp-content\/uploads\/2025\/06\/Bildschirmfoto-2025-02-25-um-20.25.25-193x300.png\" alt=\"\" width=\"184\" height=\"280\"><img loading=\"lazy\" decoding=\"async\" class=\"alignleft wp-image-116\" src=\"http:\/\/www.stefankuehne.net\/wp-content\/uploads\/2016\/07\/Einfuehrung-209x300.jpg\" alt=\"Einf\u00fchrung Onlineberatung Eichenberg K\u00fchne\" width=\"196\" height=\"277\"><a href=\"https:\/\/www.vandenhoeck-ruprecht-verlage.com\/themen-entdecken\/psychologie-psychotherapie-beratung\/arbeit-und-organisation\/beratung-coaching-supervision\/4919\/handbuch-online-beratung\"><img loading=\"lazy\" decoding=\"async\" class=\" wp-image-628 alignleft\" src=\"https:\/\/www.stefankuehne.net\/wp-content\/uploads\/2022\/07\/41bYx4Nz3bL-200x300.jpg\" alt=\"\" width=\"195\" height=\"286\"><\/a><\/p>\n","protected":false},"excerpt":{"rendered":"<p>Experte f\u00fcr KI (K\u00fcnstliche Intelligenz), Onlineberatung und Digitale Soziale Arbeit Herzlich willkommen! Auf diesen Seiten finden Sie Informationen zu meinen Ver\u00f6ffentlichungen, Vortr\u00e4gen, Seminaren und weiteren Arbeitsschwerpunkten. Seit 2001 besch\u00e4ftige ich mich mit den Themen Onlinekommunikation, Onlineberatung und Digitalisierung in der &hellip; <a href=\"https:\/\/www.stefankuehne.net\/\">Weiterlesen <span class=\"meta-nav\">&rarr;<\/span><\/a><\/p>\n","protected":false},"author":1,"featured_media":0,"parent":0,"menu_order":0,"comment_status":"closed","ping_status":"closed","template":"","meta":{"om_disable_all_campaigns":false,"_monsterinsights_skip_tracking":false,"_monsterinsights_sitenote_active":false,"_monsterinsights_sitenote_note":"","_monsterinsights_sitenote_category":0,"ngg_post_thumbnail":0,"footnotes":""},"class_list":["post-61","page","type-page","status-publish","hentry"],"aioseo_notices":[],"_links":{"self":[{"href":"https:\/\/www.stefankuehne.net\/index.php?rest_route=\/wp\/v2\/pages\/61","targetHints":{"allow":["GET"]}}],"collection":[{"href":"https:\/\/www.stefankuehne.net\/index.php?rest_route=\/wp\/v2\/pages"}],"about":[{"href":"https:\/\/www.stefankuehne.net\/index.php?rest_route=\/wp\/v2\/types\/page"}],"author":[{"embeddable":true,"href":"https:\/\/www.stefankuehne.net\/index.php?rest_route=\/wp\/v2\/users\/1"}],"replies":[{"embeddable":true,"href":"https:\/\/www.stefankuehne.net\/index.php?rest_route=%2Fwp%2Fv2%2Fcomments&post=61"}],"version-history":[{"count":83,"href":"https:\/\/www.stefankuehne.net\/index.php?rest_route=\/wp\/v2\/pages\/61\/revisions"}],"predecessor-version":[{"id":730,"href":"https:\/\/www.stefankuehne.net\/index.php?rest_route=\/wp\/v2\/pages\/61\/revisions\/730"}],"wp:attachment":[{"href":"https:\/\/www.stefankuehne.net\/index.php?rest_route=%2Fwp%2Fv2%2Fmedia&parent=61"}],"curies":[{"name":"wp","href":"https:\/\/api.w.org\/{rel}","templated":true}]}}