{"id":65,"date":"2016-07-04T18:17:50","date_gmt":"2016-07-04T18:17:50","guid":{"rendered":"http:\/\/bewegungsetappe.net\/?page_id=65"},"modified":"2020-12-06T15:37:18","modified_gmt":"2020-12-06T15:37:18","slug":"impressum","status":"publish","type":"page","link":"https:\/\/www.stefankuehne.net\/?page_id=65","title":{"rendered":"Impressum"},"content":{"rendered":"<p><strong>Informationspflicht<\/strong> laut \u00a75 E-Commerce Gesetz und Offenlegungspflicht laut \u00a725 Mediengesetz:<\/p>\n<p>Stefan K\u00fchne, MSc<br \/>\nNu\u00dfdorfer Stra\u00dfe 52\/6<br \/>\n1090 Wien<br \/>\n+43-699-19201857<br \/>\noffice [at] stefankuehne.net<\/p>\n<p>Haftungsausschluss:<\/p>\n<ol>\n<li>Inhalt des Onlineangebotes<\/li>\n<\/ol>\n<p>Der Inhalt der Homepage wurde sorgf\u00e4ltig recherchiert und erstellt. Dennoch bitten wir Sie um Verst\u00e4ndnis, dass der Autor keine Gew\u00e4hr f\u00fcr die vollst\u00e4ndige Korrektheit der bereitgestellten Informationen \u00fcbernimmt. In keinem Fall ersetzt der Inhalt der Homepage eine psychologische Beratung oder Psychotherapie. Es wird also keinerlei Gew\u00e4hr f\u00fcr die Aktualit\u00e4t, Korrektheit, Vollst\u00e4ndigkeit oder Qualit\u00e4t der bereitgestellten Informationen \u00fcbernommen. Haftungsanspr\u00fcche, welche sich auf Sch\u00e4den materieller oder ideeller Art beziehen, die durch die Nutzung oder Nichtnutzung der dargebotenen Informationen bzw. durch die Nutzung fehlerhafter und unvollst\u00e4ndiger Informationen verursacht wurden, sind grunds\u00e4tzlich ausgeschlossen, sofern seitens des Betreibers der Homepage kein nachweislich vors\u00e4tzliches oder grob fahrl\u00e4ssiges Verschulden vorliegt. Alle Angebote sind freibleibend und unverbindlich. Der Betreiber der Homepage beh\u00e4lt es sich ausdr\u00fccklich vor, Teile der Seiten oder das gesamte Angebot ohne gesonderte Ank\u00fcndigung zu ver\u00e4ndern, zu erg\u00e4nzen, zu l\u00f6schen oder die Ver\u00f6ffentlichung zeitweise oder endg\u00fcltig einzustellen.<\/p>\n<ol start=\"2\">\n<li>Verweise und Links<\/li>\n<\/ol>\n<p>F\u00fcr direkte oder indirekte Verweisen auf fremde Webseiten (&#8222;Hyperlinks&#8220;) wird vom Autor keinerlei Haftung, insbesonders nicht f\u00fcr deren Inhalt, Genauigkeit, Vollst\u00e4ndigkeit und Authentizit\u00e4t sowie der darin enthaltenen Informationen \u00fcbernommen. Der Zugriff auf die, mit dieser Homepage verkn\u00fcpften Internet-Seiten, erfolgt auf eigene Verantwortung. Eine Haftung f\u00fcr etwaig sich daraus ergebende Folgen wird von Seiten des Autors ausgeschlossen. Auf die aktuelle und zuk\u00fcnftige Gestaltung, die Inhalte oder die Urheberschaft der gelinkten\/verkn\u00fcpften Seiten hat der Autor dieser Seite keinerlei Einfluss. Deshalb distanziert der Autor hiermit ausdr\u00fccklich von allen Inhalten aller gelinkten \/verkn\u00fcpften Seiten. Diese Feststellung gilt f\u00fcr alle innerhalb des eigenen Internetangebotes gesetzten Links und Verweise sowie f\u00fcr Fremdeintr\u00e4ge in bzw. auf unserem Server eingerichteten G\u00e4steb\u00fcchern, Diskussionsforen und Mailinglisten. F\u00fcr illegale, fehlerhafte oder unvollst\u00e4ndige Inhalte und insbesondere f\u00fcr Sch\u00e4den, die aus der Nutzung oder Nichtnutzung solcherart dargebotener Informationen entstehen, haftet allein der Anbieter der Seite, auf welche verwiesen wurde, nicht derjenige, der \u00fcber Links auf die jeweilige Ver\u00f6ffentlichung lediglich verweist.<\/p>\n<ol start=\"3\">\n<li>Datenschutz<\/li>\n<\/ol>\n<p>Sofern innerhalb des Internetangebotes die M\u00f6glichkeit zur Eingabe pers\u00f6nlicher oder gesch\u00e4ftlicher Daten (E-Mail-Adressen, Namen, Anschriften) besteht, so erfolgt die Preisgabe dieser Daten seitens der NutzerInnen auf ausdr\u00fccklich freiwilliger Basis. Die Inanspruchnahme und Bezahlung aller angebotenen Dienste ist \u2013 soweit technisch m\u00f6glich und zumutbar \u2013 auch ohne Angabe solcher Daten bzw. unter Angabe anonymisierter Daten oder eines Pseudonyms gestattet. Die Nutzung der im Rahmen des Impressums oder vergleichbarer Angaben ver\u00f6ffentlichten Kontaktdaten wie Postanschriften, Telefon- und Faxnummern sowie E-Mail-Adressen durch Dritte zur \u00dcbersendung von nicht ausdr\u00fccklich angeforderten Informationen ist nicht gestattet. Rechtliche Schritte gegen die Versender von sogenannten Spam-Mails bei Verst\u00f6ssen gegen dieses Verbot sind ausdr\u00fccklich vorbehalten.<\/p>\n<p><a href=\"http:\/\/www.stefankuehne.net\/zugang\/impressum\/datenschutzerklaerung\">Datenschutzerkl\u00e4rung<\/a><\/p>\n<ol start=\"4\">\n<li>Rechtswirksamkeit dieses Haftungsausschlusses<\/li>\n<\/ol>\n<p>Dieser Haftungsausschluss ist als Teil des Internetangebotes zu betrachten, von dem aus auf diese Seite verwiesen wurde. Sofern Teile oder einzelne Formulierungen dieses Textes der geltenden Rechtslage nicht, nicht mehr oder nicht vollst\u00e4ndig entsprechen sollten, bleiben die \u00fcbrigen Teile des Dokumentes in ihrem Inhalt und ihrer G\u00fcltigkeit davon unber\u00fchrt.<\/p>\n<ol start=\"5\">\n<li>Bildquellen Copyright: Stefan K\u00fchne<\/li>\n<\/ol>\n","protected":false},"excerpt":{"rendered":"<p>Informationspflicht laut \u00a75 E-Commerce Gesetz und Offenlegungspflicht laut \u00a725 Mediengesetz: Stefan K\u00fchne, MSc Nu\u00dfdorfer Stra\u00dfe 52\/6 1090 Wien +43-699-19201857 office [at] stefankuehne.net Haftungsausschluss: Inhalt des Onlineangebotes Der Inhalt der Homepage wurde sorgf\u00e4ltig recherchiert und erstellt. Dennoch bitten wir Sie um &hellip; <a href=\"https:\/\/www.stefankuehne.net\/?page_id=65\">Weiterlesen <span class=\"meta-nav\">&rarr;<\/span><\/a><\/p>\n","protected":false},"author":1,"featured_media":0,"parent":33,"menu_order":0,"comment_status":"closed","ping_status":"closed","template":"","meta":{"om_disable_all_campaigns":false,"_monsterinsights_skip_tracking":false,"_monsterinsights_sitenote_active":false,"_monsterinsights_sitenote_note":"","_monsterinsights_sitenote_category":0,"ngg_post_thumbnail":0,"footnotes":""},"class_list":["post-65","page","type-page","status-publish","hentry"],"aioseo_notices":[],"_links":{"self":[{"href":"https:\/\/www.stefankuehne.net\/index.php?rest_route=\/wp\/v2\/pages\/65","targetHints":{"allow":["GET"]}}],"collection":[{"href":"https:\/\/www.stefankuehne.net\/index.php?rest_route=\/wp\/v2\/pages"}],"about":[{"href":"https:\/\/www.stefankuehne.net\/index.php?rest_route=\/wp\/v2\/types\/page"}],"author":[{"embeddable":true,"href":"https:\/\/www.stefankuehne.net\/index.php?rest_route=\/wp\/v2\/users\/1"}],"replies":[{"embeddable":true,"href":"https:\/\/www.stefankuehne.net\/index.php?rest_route=%2Fwp%2Fv2%2Fcomments&post=65"}],"version-history":[{"count":4,"href":"https:\/\/www.stefankuehne.net\/index.php?rest_route=\/wp\/v2\/pages\/65\/revisions"}],"predecessor-version":[{"id":459,"href":"https:\/\/www.stefankuehne.net\/index.php?rest_route=\/wp\/v2\/pages\/65\/revisions\/459"}],"up":[{"embeddable":true,"href":"https:\/\/www.stefankuehne.net\/index.php?rest_route=\/wp\/v2\/pages\/33"}],"wp:attachment":[{"href":"https:\/\/www.stefankuehne.net\/index.php?rest_route=%2Fwp%2Fv2%2Fmedia&parent=65"}],"curies":[{"name":"wp","href":"https:\/\/api.w.org\/{rel}","templated":true}]}}