{"id":665,"date":"2023-01-17T09:57:09","date_gmt":"2023-01-17T09:57:09","guid":{"rendered":"https:\/\/www.stefankuehne.net\/?page_id=665"},"modified":"2025-06-15T18:46:36","modified_gmt":"2025-06-15T18:46:36","slug":"webinar-ai-und-auswirkungen-auf-die-beratung","status":"publish","type":"page","link":"https:\/\/www.stefankuehne.net\/?page_id=665","title":{"rendered":"Webinar: K\u00fcnstliche Intelligenz und Auswirkungen auf die Beratung"},"content":{"rendered":"<p>K\u00fcnstliche Intelligenz (AI) ist dabei, die Art und Weise zu ver\u00e4ndern, wie Texte entstehen und wie Wissen generiert wird. Dabei leistet sie schon in der Prototyp-Phase sehr Erstaunliches. Erkennen wir noch, ob ein Text von einer KI (<em>K\u00fcnstlichen Intelligenz)<\/em> verfasst wurde oder von einem Menschen? Und was bedeutet das f\u00fcr die (schriftbasierte) Onlineberatung?<\/p>\n<p>Das Webinar<strong> &#8222;K\u00fcnstliche Intelligenz und Auswirkungen auf die Beratung&#8220; <\/strong>bietet einen \u00dcberblick zum derzeitigen Stand der K\u00fcnstlichen Intelligenz und ihre m\u00f6glichen Auswirkungen auf den Beratungsbereich, der Input adressiert diese Themen, anschlie\u00dfend haben wir Zeit zur Diskussion.<\/p>\n<ul>\n<li>Medienhistorische Zusammenh\u00e4nge<\/li>\n<li>Was ist unter KI\/AI zu verstehen?<\/li>\n<li>Wie funktionieren diese Programme (wie z.B. ChatGPT)?<\/li>\n<li>Welche Programme gibt es am Markt?<\/li>\n<li>Wie ver\u00e4ndert KI die Art und Weise, wie wir Informationen suchen (und finden)?<\/li>\n<li>Und was bedeutet das f\u00fcr die Zukunft der psychosozialen Onlineberatung?<\/li>\n<\/ul>\n<p>Das Webinar<strong> &#8222;Digitale Ethik f\u00fcr die Onlineberatung&#8220;<\/strong> stellt aktuelle Ideen und Fragen zum Thema &#8222;Digiitale Ethik&#8220; vor, wie z.B. das Positionspapier &#8222;Mensch &#8211; Maschine&#8220; des Deutschen Ethikrates. Was bedeutet es, in und mit digitalen Medien Beratung anzubieten und wie verhalten wir uns als Berater*innen gegen\u00fcber den neuen technischen M\u00f6glichkeiten der K\u00fcnstlichen Intelligenz (wie z.B. ChatGPT)? Das Webinar bietet neben dem Input Raum f\u00fcr Austausch und Diskussion und m\u00f6chte die Entwicklung einer Digitalen Ethik der Onlineberatung anstossen.<\/p>\n<p>&nbsp;<\/p>\n","protected":false},"excerpt":{"rendered":"<p>K\u00fcnstliche Intelligenz (AI) ist dabei, die Art und Weise zu ver\u00e4ndern, wie Texte entstehen und wie Wissen generiert wird. Dabei leistet sie schon in der Prototyp-Phase sehr Erstaunliches. Erkennen wir noch, ob ein Text von einer KI (K\u00fcnstlichen Intelligenz) verfasst &hellip; <a href=\"https:\/\/www.stefankuehne.net\/?page_id=665\">Weiterlesen <span class=\"meta-nav\">&rarr;<\/span><\/a><\/p>\n","protected":false},"author":1,"featured_media":0,"parent":42,"menu_order":0,"comment_status":"closed","ping_status":"closed","template":"","meta":{"om_disable_all_campaigns":false,"_monsterinsights_skip_tracking":false,"_monsterinsights_sitenote_active":false,"_monsterinsights_sitenote_note":"","_monsterinsights_sitenote_category":0,"ngg_post_thumbnail":0,"footnotes":""},"class_list":["post-665","page","type-page","status-publish","hentry"],"aioseo_notices":[],"_links":{"self":[{"href":"https:\/\/www.stefankuehne.net\/index.php?rest_route=\/wp\/v2\/pages\/665","targetHints":{"allow":["GET"]}}],"collection":[{"href":"https:\/\/www.stefankuehne.net\/index.php?rest_route=\/wp\/v2\/pages"}],"about":[{"href":"https:\/\/www.stefankuehne.net\/index.php?rest_route=\/wp\/v2\/types\/page"}],"author":[{"embeddable":true,"href":"https:\/\/www.stefankuehne.net\/index.php?rest_route=\/wp\/v2\/users\/1"}],"replies":[{"embeddable":true,"href":"https:\/\/www.stefankuehne.net\/index.php?rest_route=%2Fwp%2Fv2%2Fcomments&post=665"}],"version-history":[{"count":10,"href":"https:\/\/www.stefankuehne.net\/index.php?rest_route=\/wp\/v2\/pages\/665\/revisions"}],"predecessor-version":[{"id":715,"href":"https:\/\/www.stefankuehne.net\/index.php?rest_route=\/wp\/v2\/pages\/665\/revisions\/715"}],"up":[{"embeddable":true,"href":"https:\/\/www.stefankuehne.net\/index.php?rest_route=\/wp\/v2\/pages\/42"}],"wp:attachment":[{"href":"https:\/\/www.stefankuehne.net\/index.php?rest_route=%2Fwp%2Fv2%2Fmedia&parent=665"}],"curies":[{"name":"wp","href":"https:\/\/api.w.org\/{rel}","templated":true}]}}