{"id":77,"date":"2016-07-04T20:44:12","date_gmt":"2016-07-04T20:44:12","guid":{"rendered":"http:\/\/bewegungsetappe.net\/?page_id=77"},"modified":"2026-01-30T11:16:27","modified_gmt":"2026-01-30T11:16:27","slug":"publikationen","status":"publish","type":"page","link":"https:\/\/www.stefankuehne.net\/?page_id=77","title":{"rendered":"Publikationen"},"content":{"rendered":"<div id=\"contentContainer\">\n<div id=\"content\">\n<div id=\"tabloom\">\n<div id=\"tabs\" class=\"ui-tabs ui-widget ui-widget-content ui-corner-all\">\n<div id=\"tabs-1\" class=\"ui-tabs-panel ui-widget-content ui-corner-bottom\">\n<h1>2026<\/h1>\n<\/div>\n<\/div>\n<\/div>\n<ul>\n<li>K\u00fchne, S. &amp; Engel, F.: &#8222;Kommunikation mit KI: Wer spricht hier mit wem?&#8220; (in Vorbereitung)&nbsp;<\/li>\n<li>K\u00fchne, S.: Onlineberatung. In: Gieseke, W., Nittel, D. &amp; Stumm, M. (Hrsg.): Handbuch p\u00e4dagogische Beratung \u00fcber die Lebensspanne. (2. Auflage) (in Vorbereitung)<\/li>\n<li>Engelhardt, E.M. &amp; K\u00fchne, S.: K\u00fcnstliche Intelligenz. In: Gieseke, W., Nittel, D. &amp; Stumm, M. (Hrsg.): Handbuch p\u00e4dagogische Beratung \u00fcber die Lebensspanne. (2. Auflage) (in Vorbereitung)<\/li>\n<\/ul>\n<div id=\"tabloom\">\n<div id=\"tabs\" class=\"ui-tabs ui-widget ui-widget-content ui-corner-all\">\n<div id=\"tabs-1\" class=\"ui-tabs-panel ui-widget-content ui-corner-bottom\">\n<h1>2025<\/h1>\n<ul>\n<li>K\u00fchne, S. &amp; Stieler, M.: Entwicklung und Status Quo von Online-Streetworkprojekten im deutschsprachigen Raum. In: Offene Jugendarbeit in dern R\u00e4umen junger Menschen. <em>(in Vorbereitung)<\/em><\/li>\n<li>Engelhardt, E. &amp; K\u00fchne, S.: <a href=\"https:\/\/www.vandenhoeck-ruprecht-verlage.com\/themen-entdecken\/psychologie-psychotherapie-beratung\/arbeit-und-organisation\/beratung-coaching-supervision\/59831\/kuenstliche-intelligenz-in-der-beratung?srsltid=AfmBOoqBWwCbsPZGNPeQubPMr2OJwi-KY87GEWSDFkGfq2nun52r0vV3\">K\u00fcnstliche Intelligenz in der Beratung. Ein Kompass f\u00fcr die systemische Praxis<\/a>. G\u00f6ttingen: Vandenhoeck &amp; Ruprecht.<\/li>\n<\/ul>\n<h1>2024<\/h1>\n<ul>\n<li>Stieler, M. &amp; K\u00fchne, S.: Online-Streetwork. Arbeitsfeld und Methode der Sozialen Arbeit. <a href=\"https:\/\/www.e-beratungsjournal.net\/wp-content\/uploads\/2024\/11\/stieler_kuehne.pdf\">(PDF)<\/a><\/li>\n<\/ul>\n<h1>2023<\/h1>\n<ul>\n<li>K\u00fchne, S. &amp; Hintenberger, G.: Beziehungsgestaltung in der Onlineberatung. <a href=\"https:\/\/epale.ec.europa.eu\/de\/blog\/beziehungsgestaltung-der-onlineberatung\">Blogbeitrag f\u00fcr EPALE<\/a>.<\/li>\n<\/ul>\n<h1>2022<\/h1>\n<ul>\n<li>K\u00fchne, S.: &#8222;Kreative Methoden der Onlineberatung&#8220; in: Mundelsee, L. &amp; Sawatzki, D. (Hrsg.): 50 Coachingkarten Blended Coaching &amp; Counseling. Beltz.<\/li>\n<\/ul>\n<h1>2021<\/h1>\n<ul>\n<li>K\u00fchne, S.: &#8222;Onlineberatung &#8211; ein Setting mit Folgen.&#8220; in: Zukunftsfeld Bildungs- und Berufsberatung VI (bifeb, Hrsg.), S. 79-88&nbsp; <a href=\"https:\/\/www.wbv.de\/artikel\/6004747\">Link Open Access Publikation<\/a><\/li>\n<\/ul>\n<h1>2020<\/h1>\n<ul>\n<li>Neuburg, F., K\u00fchne, S. &amp; Reicher, F.: Soziale Netzwerke und virtuelle R\u00e4ume: Aufsuchendes Arbeiten zwischen analogen und digitalen Welten. In Dieb\u00e4cker, M. &amp; Wild, G. (Hrsg.): Streetwork und aufsuchende Soziale Arbeit im \u00f6ffentlichen Raum.<em><br \/>\n<\/em><\/li>\n<li>K\u00fchne S. (Interview): <a href=\"https:\/\/www.netzwerk-iq.de\/angebote\/iq-konkret\/2020\/01\/artikel\/corona-die-krise-ist-ein-antreiber-der-digitalisierung\">Die Krise ist ein Antreiber der Digitalisierung<\/a>, in: IQ konkret, 1\/2020<em><br \/>\n<\/em><\/li>\n<li>K\u00fchne, S. &amp; Hintenberger, G.: Onlineberatung und -therapie in Zeiten der Krise. Ein \u00dcberblick. <a href=\"https:\/\/www.e-beratungsjournal.net\/wp-content\/uploads\/2020\/03\/kuehne_hintenberger.pdf\">(PDF)<\/a><\/li>\n<\/ul>\n<h1>2019<\/h1>\n<ul>\n<li>K\u00fchne, S.: Onlineberatung und Soziale Arbeit. In SIT &#8211; Soziale Arbeit in Tirol (101).<\/li>\n<li>wienXtra: <a href=\"https:\/\/www.wienxtra.at\/fileadmin\/web\/jugendinfo\/Beratung\/Brosch\u00fcren\/Vielfalt.pdf\">&#8222;Vielfalt. Ich liebe mein Kind, so wie es ist!?&#8220;<\/a> (Konzept, Realisierung)<\/li>\n<\/ul>\n<h1>2018<\/h1>\n<ul>\n<li>K\u00fchne, S.: &#8222;Chancen und Grenzen digitaler Beratung&#8220;, in: Newsletter der Fachstelle Beratung und Qualifizierung. <a href=\"https:\/\/www.netzwerk-iq.de\/index.php?id=1266\">(Link)<\/a><\/li>\n<li>K\u00fchne, S.: &#8222;eYouth Work &#8211; Online-Jugendarbeit &#8211; Digitale Jugendarbeit&#8220;, in: turn &#8211; Verein f\u00fcr Gewalt- und Extremismuspr\u00e4vention (Hrsg.), &#8222;Jamal al-Khatib: Das p\u00e4dagogische Paket zum Online-Streetwork Projekt.&#8220; <a href=\"http:\/\/www.boja.at\/fileadmin\/download\/Projekte\/Flucht_Inklusion\/Jamal_al-Khatib__paedagogisches_Paket-1.pdf\">(PDF)<\/a><\/li>\n<\/ul>\n<h1>2016<\/h1>\n<ul class=\"disc\">\n<li><a href=\"http:\/\/irgendwas-mit-menschen.com\/iwmm-podcast-006-online-beratung-soziale-arbeit-im-digitalen-raum\/\">&#8222;Onlineberatung &#8211; Soziale Arbeit im digitalen Raum&#8220;<\/a>. Benedikt Geyer im Gespr\u00e4ch mit Stefan K\u00fchne, Podcast &#8222;Irgendwas mit Menschen&#8220; (Folge 06)<\/li>\n<li>K\u00fchne, S.: &#8222;Wien war immer eine sexuelle Stadt&#8220; (Interview, Wiener Zeitung) <a href=\"http:\/\/www.wienerzeitung.at\/nachrichten\/wien\/stadtleben\/846378_Wien-war-immer-eine-sexuelle-Stadt.html\">Link<\/a><\/li>\n<li>K\u00fchne, S.: &#8222;Onlineberatung&#8220;, in W. Giesecke &amp; D. Nittel, Handbuch P\u00e4dagogische Beratung \u00fcber die Lebensspanne. Beltz.<\/li>\n<li>K\u00fchne, S.: &#8222;Qualit\u00e4t in der Online-Bildungsberatung&#8220;, Bildungsberatung im Fokus 1\/2016 <a href=\"http:\/\/erwachsenenbildung.at\/service\/bildungsberatung_fokus.php#ausgabe1_2016\" target=\"_blank\" rel=\"external noopener noreferrer\">(PDF)<\/a><\/li>\n<li>K\u00fchne, S.: &#8222;Medial vermittelte Beratung &#8211; lehren und lernen&#8220;, in P. Bauer &amp; M. Weinhardt, Professionalisierung und Kompetenzentwicklung in der sozialp\u00e4dagogischen Beratung.<\/li>\n<li>Bundesnetzwerk \u00d6sterreichische Jugendinfos (B\u00d6JI, Hrsg.): <a href=\"http:\/\/www.jugendinfo.at\/publikationen\/erster-sex-und-grosse-liebe\/\">&#8222;Erster Sex und gro\u00dfe Liebe. Tipps und Infos f\u00fcr junge Leute.&#8220;<\/a> (Konzept, Realisierung)<\/li>\n<\/ul>\n<h1>2014<\/h1>\n<ul class=\"disc\">\n<li>Eichenberg, C. \/ K\u00fchne, S.: <a href=\"http:\/\/www.utb-shop.de\/autoren-1\/eichenberg-christiane\/einfuhrung-onlineberatung-und-therapie-2.html\" target=\"_blank\" rel=\"external noopener noreferrer\">&#8222;Einf\u00fchrung Onlineberatung &amp; -therapie. Grundlagen, Interventionen und Effekte digitaler Medien.&#8220;<\/a> UTB<\/li>\n<li>K\u00fchne, S.: &#8222;Liebe @ Ehe. Partnerschaft und Beziehungen im Zeitalter des Internet, in: Verbindungsbrief der Erdi\u00f6zese Freiburg <a href=\"http:\/\/www.stefankuehne.net\/wp-content\/uploads\/2016\/07\/verbindungsbrief_nr.99.pdf\">(PDF)<\/a><\/li>\n<li>K\u00fchne, S.: &#8222;Einmal, nochmal, immer wieder &#8211; Mailberatung zwischen professionellem Handeln und Brieffreundschaft&#8220; <a href=\"http:\/\/www.e-beratungsjournal.net\/ausgabe_0114\/kuehne.pdf\" target=\"_blank\" rel=\"external noopener noreferrer\">(PDF)<\/a><\/li>\n<li>K\u00fchne, S.: &#8222;Viele Wege zum Beruf&#8220;, in \u00d6GZ &#8211; \u00d6sterreichische Gemeindezeitung, 2\/2014<\/li>\n<\/ul>\n<h1>2013<\/h1>\n<ul class=\"disc\">\n<li>K\u00fchne, S.: &#8222;Demokratie und Social Media&#8220;. in: Der Kranich. Zeitschrift des Friedensb\u00fcros Salzburg<\/li>\n<li>K\u00fchne, S.: &#8222;Qualit\u00e4t in der Mailberatung der TelefonSeelsorge&#8220; &#8211; Interview. in: Auf Draht. Zeitschrift der TelefonSeelsorge Deutschland.<\/li>\n<li>K\u00fchne, S. \/ Hintenberger, G.: &#8222;Professionalisierung der Onlineberatung&#8220;, in: U. Sickendieck, F. Nestmann &amp; F. Engel (Hrsg.): Handbuch der Beratung, Band 3<\/li>\n<\/ul>\n<h1>2012<em><br \/>\n<\/em><\/h1>\n<ul class=\"disc\">\n<li>K\u00fchne, S.: &#8222;Qualit\u00e4tsmanagement in der psychosozialen Onlineberatung&#8220;, in: e-beratungsjournal.net, 8\/2 <a href=\"http:\/\/www.e-beratungsjournal.net\/ausgabe_0212\/kuehne.pdf\" target=\"_blank\" rel=\"external noopener noreferrer\">(PDF)<\/a><\/li>\n<li>K\u00fchne, S.: &#8222;Qualit\u00e4tsmanagement in der psychosozialen Onlineberatung&#8220;. Master-These. Donau-Universit\u00e4t Krems. <a href=\"http:\/\/webthesis.donau-uni.ac.at\/thesen\/91457.pdf\" target=\"_blank\" rel=\"external noopener noreferrer\">(PDF)<\/a><\/li>\n<li>K\u00fchne, S.: &#8222;Jugendinformation &#8211; deutlich mehr als Google &amp; Co.&#8220;, wienXtra<\/li>\n<\/ul>\n<h1>2011<\/h1>\n<ul class=\"disc\">\n<li>Hintenberger, G. \/ K\u00fchne, S.: &#8222;Psychosoziale Onlineberatung im \u00dcberblick&#8220;, in: Psychotherapie im Dialog<em>, <\/em>Juni 2011, 12. Jg., S. 101-109<\/li>\n<li>K\u00fchne, S.: &#8222;Qualit\u00e4tssicherung in der Online-Jugendinformation &#8211; am Beispiel der \u00d6sterreichischen Jugendinfos&#8220;, Projektarbeit Donau-Uni Krems<\/li>\n<\/ul>\n<h1>2010<\/h1>\n<ul class=\"disc\">\n<li>K\u00fchne, S.: &#8222;Der gute Ton im schriftlichen Verkehr &#8211; ein Gespr\u00e4ch mit Konstanze von Franken und Franz Ebhardt&#8220; <a href=\"http:\/\/www.e-beratungsjournal.net\/ausgabe_0210\/kuehne.pdf\" target=\"_blank\" rel=\"external noopener noreferrer\">(PDF)<\/a><\/li>\n<li>K\u00fchne, S.: &#8222;Kinder im Netz &#8211; Informationen f\u00fcr die J\u00fcngsten&#8220;, in: Der Kranich <a href=\"https:\/\/www.stefankuehne.net\/wp-content\/uploads\/2022\/07\/Kuehne_Kinder_im_Netz.pdf\">(PDF)<\/a><\/li>\n<\/ul>\n<h1>2009<\/h1>\n<ul class=\"disc\">\n<li>K\u00fchne, S. \/ Hintenberger, G.&nbsp;(Hrsg.): <a href=\"http:\/\/www.handbuch-onlineberatung.net\">&#8222;Handbuch Online-Beratung&#8220;<\/a>, Vandenhoeck &amp; Ruprecht, (2. unver.&nbsp;Aufl.) 2009<\/li>\n<li>K\u00fchne, S.: &#8222;Institutionalisierung der Online-Beratung &#8211; das Ende der Pionierphase&#8220;, In: e-beratungsjournal.net, 5. Jg., Heft 2, Oktober 2009 <a href=\"http:\/\/www.e-beratungsjournal.net\/ausgabe_0209\/kuehne.pdf\" target=\"_blank\" rel=\"external noopener noreferrer\">(PDF)<\/a><\/li>\n<li>Hintenberger, Gerhard &amp; K\u00fchne, Stefan. (2009). Ver\u00e4nderte mediale Lebenswelten und Implikationen f\u00fcr die Beratung. In Stefan K\u00fchne &amp; Gerhard Hintenberger (Hrsg.), <em>Handbuch Online-Beratung. Psychosoziale Beratung im Internet<\/em> (S. 13-24). G\u00f6ttingen: Vandenhoeck &amp; Ruprecht.<\/li>\n<li>K\u00fchne, S.: &#8222;Aus- und Weiterbildung in der Onlineberatung&#8220;. In: Stefan K\u00fchne &amp; Gerhard Hintenberger (Hrsg.), <em>Handbuch Online-Beratung. Psychosoziale Beratung im Internet<\/em> (S. 231-240). G\u00f6ttingen: Vandenhoeck &amp; Ruprecht.<\/li>\n<li>K\u00fchne, S. \/ Hintenberger, G.&nbsp;(Hrsg.): &#8222;Handbuch Online-Beratung&#8220;, Vandenhoeck &amp; Ruprecht, (1. Aufl.) 2009<\/li>\n<\/ul>\n<h1>2008<\/h1>\n<ul class=\"disc\">\n<li>Brunner, A. \/ K\u00fchne, S.: &#8222;Virtuelle Jugendforen als informeller Lern- und Bildungsraum&#8220;, In: Schachtner, C. \/ H\u00f6ber, A. (Hrsg.): Learning Communities &#8211; Der Cyberspace als neuer Lern- und Wissensraum. Campus-Verlag, 2008<\/li>\n<li>K\u00fchne, S.: &#8222;Voll auf Liebe programmiert, mit Gef\u00fchl &#8211; Codierung und Intimit\u00e4t in virtuellen Welten&#8220;, In: e-beratungsjournal.net, 4. Jg., Heft 1, April 2008 <a href=\"http:\/\/www.e-beratungsjournal.net\/ausgabe_0108\/kuehne.pdf\" target=\"_blank\" rel=\"external noopener noreferrer\">(PDF)<\/a><\/li>\n<\/ul>\n<h1>2006<\/h1>\n<ul class=\"disc\">\n<li>K\u00fchne, S.: &#8222;Online-Beratung ist reale Beratung im virtuellen Raum&#8220; , Experten-Interview auf teletutoren.net, Juni\/Juli 2006 <a href=\"http:\/\/www.stefankuehne.net\/wp-content\/uploads\/2016\/07\/Kuehne_Interview_2007.pdf\">(PDF)<\/a><\/li>\n<li>K\u00fchne, S.: &#8222;Qualit\u00e4t und die Rechte von KlientInnen in der Online-Beratung&#8220;. In: e-beratungsjournal.net, 2. Jg., Heft 1, M\u00e4rz 2006 <a href=\"http:\/\/www.e-beratungsjournal.net\/ausgabe_0106\/kuehne.pdf\" target=\"_blank\" rel=\"external noopener noreferrer\">(PDF)<\/a><\/li>\n<li>K\u00fchne, S. (unter dem Pseudonym Heinrich Goldschmidt): &#8222;Ich nehme den 50:50 Joker &#8211; oder: Zuwanderungspolitik als Millionenshow&#8220; <a href=\"https:\/\/www.stefankuehne.net\/wp-content\/uploads\/2022\/07\/Zuwanderungsmillionenshow.pdf\">(PDF)<\/a><\/li>\n<\/ul>\n<h1>2005<\/h1>\n<ul class=\"disc\">\n<li>K\u00fchne, S. (unter dem Pseudonym Heinrich Goldschmidt): &#8222;Monopolis &#8211; Kinder sind keine Erwachsenen&#8220;<a href=\"https:\/\/www.stefankuehne.net\/wp-content\/uploads\/2022\/07\/Monopolis.pdf\"> (PDF)<\/a><\/li>\n<li>K\u00fchne, S.: &#8222;Combining e-tutoring skills with online-counselling in modern youth work&#8220; , in: Proceedings of the EDEN Annual Conference 2005. Helsinki, Finland. <a href=\"https:\/\/www.stefankuehne.net\/wp-content\/uploads\/2022\/07\/Kuehne_EDEN_2005.pdf\">(PDF)<\/a><\/li>\n<\/ul>\n<h1>2004<\/h1>\n<ul class=\"disc\">\n<li>K\u00fchne, S.: &#8222;press F1 for help &#8211; Online-Beratung in der Jugend- und Sozialarbeit&#8220; , in: Ja. Die Zeitung der Wiener Jugendarbeit<\/li>\n<li>K\u00fchne, S.: &#8222;Freizeit- und Kulturberatung f\u00fcr Kinder und Familien. Eventisierung von Freizeit?&#8220;, in: Beatrix Commandeur, Dorothee Dennert (Hg.): Event zieht &#8211; Inhalt bindet. Besucherorientierung auf neuen Wegen. transcript<\/li>\n<\/ul>\n<h1>2003<\/h1>\n<ul class=\"disc\">\n<li>Mattern, K. \/ K\u00fchne, S.: &#8222;eModeration. Rollen zwischen Beratung und Community&#8220;, in: F1 &#8211; Fachtagung zu Jugendforen, eMail-Beratung und Online-Kommunikation. wienXtra 2003. S. 70-78 <a href=\"http:\/\/www.stefankuehne.net\/wp-content\/uploads\/2016\/07\/f1_tagungsbericht_wienxtra.pdf\">(PDF)<\/a><\/li>\n<\/ul>\n<\/div>\n<\/div>\n<\/div>\n<\/div>\n<\/div>\n","protected":false},"excerpt":{"rendered":"<p>2026 K\u00fchne, S. &amp; Engel, F.: &#8222;Kommunikation mit KI: Wer spricht hier mit wem?&#8220; (in Vorbereitung)&nbsp; K\u00fchne, S.: Onlineberatung. In: Gieseke, W., Nittel, D. &amp; Stumm, M. (Hrsg.): Handbuch p\u00e4dagogische Beratung \u00fcber die Lebensspanne. (2. Auflage) (in Vorbereitung) Engelhardt, E.M. &hellip; <a href=\"https:\/\/www.stefankuehne.net\/?page_id=77\">Weiterlesen <span class=\"meta-nav\">&rarr;<\/span><\/a><\/p>\n","protected":false},"author":1,"featured_media":0,"parent":6,"menu_order":1,"comment_status":"closed","ping_status":"closed","template":"","meta":{"om_disable_all_campaigns":false,"_monsterinsights_skip_tracking":false,"_monsterinsights_sitenote_active":false,"_monsterinsights_sitenote_note":"","_monsterinsights_sitenote_category":0,"ngg_post_thumbnail":0,"footnotes":""},"class_list":["post-77","page","type-page","status-publish","hentry"],"aioseo_notices":[],"_links":{"self":[{"href":"https:\/\/www.stefankuehne.net\/index.php?rest_route=\/wp\/v2\/pages\/77","targetHints":{"allow":["GET"]}}],"collection":[{"href":"https:\/\/www.stefankuehne.net\/index.php?rest_route=\/wp\/v2\/pages"}],"about":[{"href":"https:\/\/www.stefankuehne.net\/index.php?rest_route=\/wp\/v2\/types\/page"}],"author":[{"embeddable":true,"href":"https:\/\/www.stefankuehne.net\/index.php?rest_route=\/wp\/v2\/users\/1"}],"replies":[{"embeddable":true,"href":"https:\/\/www.stefankuehne.net\/index.php?rest_route=%2Fwp%2Fv2%2Fcomments&post=77"}],"version-history":[{"count":60,"href":"https:\/\/www.stefankuehne.net\/index.php?rest_route=\/wp\/v2\/pages\/77\/revisions"}],"predecessor-version":[{"id":729,"href":"https:\/\/www.stefankuehne.net\/index.php?rest_route=\/wp\/v2\/pages\/77\/revisions\/729"}],"up":[{"embeddable":true,"href":"https:\/\/www.stefankuehne.net\/index.php?rest_route=\/wp\/v2\/pages\/6"}],"wp:attachment":[{"href":"https:\/\/www.stefankuehne.net\/index.php?rest_route=%2Fwp%2Fv2%2Fmedia&parent=77"}],"curies":[{"name":"wp","href":"https:\/\/api.w.org\/{rel}","templated":true}]}}