{"id":84,"date":"2016-07-04T20:51:31","date_gmt":"2016-07-04T20:51:31","guid":{"rendered":"http:\/\/bewegungsetappe.net\/?page_id=84"},"modified":"2022-07-03T14:59:39","modified_gmt":"2022-07-03T14:59:39","slug":"rezensionen","status":"publish","type":"page","link":"https:\/\/www.stefankuehne.net\/?page_id=84","title":{"rendered":"Rezensionen"},"content":{"rendered":"<div id=\"contentContainer\">\n<div id=\"content\">\n<div id=\"tabloom\">\n<h1>2022<\/h1>\n<ul>\n<li>Rezension zu Fabian Reicher, Anja Melzer: &#8222;Die W\u00fctenden. Warum wir im Umgang mit dschihadistischem Terror radikal umdenken m\u00fcssen.&#8220; (in Vorbereitung)<\/li>\n<\/ul>\n<h1>2018<\/h1>\n<ul>\n<li>Rezension zu Viviane Scherenberg, Johanne Pund (Hrsg.): &#8222;Digitale Gesundheitskommunikation. Zwischen Meinungsbildung und Manipulation&#8220;. <a href=\"http:\/\/www.e-beratungsjournal.net\/wp-content\/uploads\/2018\/04\/rezension_zu_scherenberg.pdf\">(PDF)<\/a><\/li>\n<\/ul>\n<h1>2017<\/h1>\n<ul>\n<li>Rezension zu John R. Suler: &#8222;Psychology of the Digital Age. Humans become electric.&#8220; <a href=\"http:\/\/www.e-beratungsjournal.net\/wp-content\/uploads\/2017\/12\/rezension_suler.pdf\">(PDF)<\/a><\/li>\n<\/ul>\n<h1 class=\"ui-tabs ui-widget ui-widget-content ui-corner-all\">2016<\/h1>\n<ul class=\"disc\">\n<li>Rezension zu Christine Knaevelsrud, Birgit Wagner, Maria B\u00f6ttcher: &#8222;Online-Therapie und -Beratung. Ein Praxisleitfaden zur onlinebasierten Behandlung psychischer St\u00f6rungen&#8220; <a href=\"http:\/\/www.e-beratungsjournal.net\/ausgabe_0116\/rezension_2.pdf\" target=\"_blank\" rel=\"external noopener noreferrer\">(PDF)<\/a><\/li>\n<li>Rezension zu Nadia Kutscher, Thomas Ley, Udo Seelmeyer (Hrsg.): &#8222;Mediatisierung (in) der Sozialen Arbeit&#8220; <a href=\"http:\/\/www.e-beratungsjournal.net\/ausgabe_0116\/rezension.pdf\" target=\"_blank\" rel=\"external noopener noreferrer\">(PDF)<\/a><\/li>\n<\/ul>\n<h1 class=\"ui-tabs ui-widget ui-widget-content ui-corner-all\">2015<\/h1>\n<ul class=\"disc\">\n<li>Rezension zu Bj\u00f6rn Maurer, Petra Reinhard-Hauck, Jan-Ren\u00e9 Schlichter, Martina von Zimmermann (Hrsg.): &#8222;Medienbildung in einer sich wandelnden Gesellschaft&#8220; <a href=\"http:\/\/www.socialnet.de\/rezensionen\/15882.php\" target=\"_blank\" rel=\"external noopener noreferrer\">(PDF)<\/a><\/li>\n<li>Rezension zu Thomas Berger: &#8222;Internetbasierte Interventionen bei psychischen St\u00f6rungen&#8220; <a href=\"http:\/\/www.e-beratungsjournal.net\/ausgabe_0115\/rezension.pdf\" target=\"_blank\" rel=\"external noopener noreferrer\">(PDF)<\/a><\/li>\n<\/ul>\n<h1 class=\"ui-tabs ui-widget ui-widget-content ui-corner-all\">2014<\/h1>\n<ul class=\"disc\">\n<li>Rezension zu Ulrich Deller, Roland Brake: &#8222;Soziale Arbeit. Grundlagen f\u00fcr Theorie und Praxis.&#8220; <a href=\"http:\/\/www.wienxtra.at\/fileadmin\/daten\/jugendinfo\/PDF\/Rezension_Soziale_Arbeit.pdf\" target=\"_blank\" rel=\"external noopener noreferrer\">(PDF)<\/a><\/li>\n<\/ul>\n<h1 class=\"ui-tabs ui-widget ui-widget-content ui-corner-all\">2013<\/h1>\n<ul class=\"disc\">\n<li>Rezension zu: &#8222;Beirat Jungenpolitik: Jungen und ihre Lebenswelten&#8220; <a href=\"http:\/\/www.wienxtra.at\/fileadmin\/daten\/OeA\/PDF\/pdfs_2013\/Rezension_Beirat_Jungenpolitik.pdf\" target=\"_blank\" rel=\"external noopener noreferrer\">(PDF)<\/a><\/li>\n<li>&#8222;Das Internet ist Bielefeld.&#8220; Rezension zu Tanja &amp; Johnny Haeusler: &#8222;Netzgem\u00fcse. Aufzucht und Pflege der Generation Internet.&#8220; <a href=\"http:\/\/www.e-beratungsjournal.net\/ausgabe_0113\/kuehne_rezension.pdf\" target=\"_blank\" rel=\"external noopener noreferrer\">(PDF)<\/a><\/li>\n<\/ul>\n<h1 class=\"ui-tabs ui-widget ui-widget-content ui-corner-all\">2012<\/h1>\n<ul class=\"disc\">\n<li>Rezension zu Anitra Eggler: &#8222;E-Mail macht dumm, krank und arm&#8220; <a href=\"http:\/\/www.e-beratungsjournal.net\/ausgabe_0112\/kuehne_rez.pdf\" rel=\"self\">(PDF)<\/a><\/li>\n<\/ul>\n<h1 class=\"ui-tabs ui-widget ui-widget-content ui-corner-all\">2010<\/h1>\n<ul class=\"disc\">\n<li>Rezension zu Wolfgang Schweiger, Klaus Beck (Hrsg.): &#8222;Handbuch Online-Kommunikation&#8220; <a href=\"http:\/\/www.e-beratungsjournal.net\/ausgabe_0210\/kuehne_rez2.pdf\" target=\"_blank\" rel=\"external noopener noreferrer\">(PDF)<\/a><\/li>\n<li>Rezension zu Michael Ziemons: &#8222;Internet basierte Ausbildungssupervision&#8220; <a href=\"http:\/\/www.e-beratungsjournal.net\/ausgabe_0210\/kuehne_rez.pdf\" target=\"_blank\" rel=\"external noopener noreferrer\">(PDF)<\/a><\/li>\n<\/ul>\n<h1 class=\"ui-tabs ui-widget ui-widget-content ui-corner-all\">2009<\/h1>\n<ul class=\"disc\">\n<li>Rezension zu Annette Kielholz: &#8222;Online-Kommunikation &#8211; die Psychologie der neuen Medien&#8220;, In: e-beratungsjournal.net, 5. Jg., Heft 2, Oktober 2009 <a href=\"http:\/\/www.e-beratungsjournal.net\/ausgabe_0209\/rezension.pdf\" target=\"_blank\" rel=\"external noopener noreferrer\">(PDF)<\/a><\/li>\n<\/ul>\n<h1 class=\"ui-tabs ui-widget ui-widget-content ui-corner-all\">2008<\/h1>\n<ul class=\"disc\">\n<li>&#8222;Herausforderung gemeistert!&#8220; &#8211; Rezension zu: Kimpeler, S., Mangold, M., Schweiger, W. (Hrsg.): Die digitale Herausforderung. In: e-beratungsjournal.net, 4. Jg., Heft 2, Oktober 2008 <a href=\"http:\/\/www.e-beratungsjournal.net\/ausgabe_0208\/rezension.pdf\" target=\"_blank\" rel=\"external noopener noreferrer\">(PDF)<\/a><\/li>\n<li>&#8222;Vom ersten Leben im zweiten&#8220; &#8211; Rezension zu Lober, Andreas (Hrsg.): Virtuelle Welten werden real. Seond Life, World of Warcraft &amp; Co: Faszination, Gefahren und Business. In: e-beratungsjournal.net, 4. Jg., Heft 1, April 2008 <a href=\"http:\/\/www.e-beratungsjournal.net\/ausgabe_0108\/rezension.pdf\" target=\"_blank\" rel=\"external noopener noreferrer\">(PDF)<\/a><\/li>\n<\/ul>\n<h1 class=\"ui-tabs ui-widget ui-widget-content ui-corner-all\">2007<\/h1>\n<ul class=\"disc\">\n<li>&#8222;Erstens kommt es anders &#8230;&#8220; &#8211; Rezension zu Iglhaut, S.; Kapfer, H.; R\u00f6tzer, F. (Hrsg.): &#8222;what if? Zukunftsbilder der Informationsgesellschaft.&#8220; In: e-beratungsjournal.net, 3. Jg., Heft 2, September 2007 <a href=\"http:\/\/www.e-beratungsjournal.net\/ausgabe_0207\/rezension.pdf\" target=\"_blank\" rel=\"external noopener noreferrer\">(PDF)<\/a><\/li>\n<li>&#8222;Me, myself and I&#8220; &#8211; Rezension zu Karlheinz Benke: &#8222;Das Ich in der Online-Beratung. Bild, Bilder und Abbilder in der Online-Beratung.&#8220; In: e-beratungsjournal.net, 3. Jg., Heft 1, M\u00e4rz 2007 <a href=\"http:\/\/www.e-beratungsjournal.net\/ausgabe_0107\/rez_kuehne.pdf\" target=\"_blank\" rel=\"external noopener noreferrer\">(PDF)<\/a><\/li>\n<\/ul>\n<h1 class=\"ui-tabs ui-widget ui-widget-content ui-corner-all\">2006<\/h1>\n<ul class=\"disc\">\n<li>Rezension zu Karlheinz Renner, Astrid Sch\u00fctz, Franz Machilek (Hrsg.): &#8222;Internet und Pers\u00f6nlichkeit&#8220;. In: e-beratungsjournal.net, 2. Jg., Heft 1, M\u00e4rz 2006 <a href=\"http:\/\/www.e-beratungsjournal.net\/ausgabe_0106\/rezension_kuehne.pdf\" target=\"_blank\" rel=\"external noopener noreferrer\">(PDF)<\/a><\/li>\n<\/ul>\n<h1 class=\"ui-tabs ui-widget ui-widget-content ui-corner-all\">2005<\/h1>\n<ul class=\"disc\">\n<li>&#8222;Veni, vidi, Wiki!&#8220; &#8211; Rezension zu &#8222;Erik M\u00f6ller: Die heimliche Medienrevolution. Wie Weblogs, Wikis und freie Software die Welt ver\u00e4ndern.&#8220;\u00a0In: e-beratungsjournal.net , 1. Jg., Heft 1, September 2005 <a href=\"http:\/\/www.e-beratungsjournal.net\/ausgabe_0105\/rezension_kuehne.pdf\" target=\"_blank\" rel=\"external noopener noreferrer\">(PDF)<\/a><\/li>\n<\/ul>\n<\/div>\n<\/div>\n<\/div>\n","protected":false},"excerpt":{"rendered":"<p>2022 Rezension zu Fabian Reicher, Anja Melzer: &#8222;Die W\u00fctenden. Warum wir im Umgang mit dschihadistischem Terror radikal umdenken m\u00fcssen.&#8220; (in Vorbereitung) 2018 Rezension zu Viviane Scherenberg, Johanne Pund (Hrsg.): &#8222;Digitale Gesundheitskommunikation. Zwischen Meinungsbildung und Manipulation&#8220;. (PDF) 2017 Rezension zu John &hellip; <a href=\"https:\/\/www.stefankuehne.net\/?page_id=84\">Weiterlesen <span class=\"meta-nav\">&rarr;<\/span><\/a><\/p>\n","protected":false},"author":1,"featured_media":0,"parent":6,"menu_order":2,"comment_status":"closed","ping_status":"closed","template":"","meta":{"om_disable_all_campaigns":false,"_monsterinsights_skip_tracking":false,"_monsterinsights_sitenote_active":false,"_monsterinsights_sitenote_note":"","_monsterinsights_sitenote_category":0,"ngg_post_thumbnail":0,"footnotes":""},"class_list":["post-84","page","type-page","status-publish","hentry"],"aioseo_notices":[],"_links":{"self":[{"href":"https:\/\/www.stefankuehne.net\/index.php?rest_route=\/wp\/v2\/pages\/84","targetHints":{"allow":["GET"]}}],"collection":[{"href":"https:\/\/www.stefankuehne.net\/index.php?rest_route=\/wp\/v2\/pages"}],"about":[{"href":"https:\/\/www.stefankuehne.net\/index.php?rest_route=\/wp\/v2\/types\/page"}],"author":[{"embeddable":true,"href":"https:\/\/www.stefankuehne.net\/index.php?rest_route=\/wp\/v2\/users\/1"}],"replies":[{"embeddable":true,"href":"https:\/\/www.stefankuehne.net\/index.php?rest_route=%2Fwp%2Fv2%2Fcomments&post=84"}],"version-history":[{"count":11,"href":"https:\/\/www.stefankuehne.net\/index.php?rest_route=\/wp\/v2\/pages\/84\/revisions"}],"predecessor-version":[{"id":513,"href":"https:\/\/www.stefankuehne.net\/index.php?rest_route=\/wp\/v2\/pages\/84\/revisions\/513"}],"up":[{"embeddable":true,"href":"https:\/\/www.stefankuehne.net\/index.php?rest_route=\/wp\/v2\/pages\/6"}],"wp:attachment":[{"href":"https:\/\/www.stefankuehne.net\/index.php?rest_route=%2Fwp%2Fv2%2Fmedia&parent=84"}],"curies":[{"name":"wp","href":"https:\/\/api.w.org\/{rel}","templated":true}]}}